{"id":2897,"date":"2025-01-14T17:15:36","date_gmt":"2025-01-14T16:15:36","guid":{"rendered":"https:\/\/mistressbloodymarie.com\/?post_type=product&#038;p=2897"},"modified":"2025-01-14T17:22:52","modified_gmt":"2025-01-14T16:22:52","slug":"faible-pour-mes-aisselles-joi","status":"publish","type":"product","link":"https:\/\/mistressbloodymarie.com\/en\/product\/faible-pour-mes-aisselles-joi\/","title":{"rendered":"Faible pour mes aisselles &#8211; Bloody Marie te fait jouir pour ses aisselles odorantes &#8211; JOI &#8211; F\u00e9tichisme des aisselles &#8211; Humiliation"},"content":{"rendered":"<p>Je savais que tu avais un point faible pour moi mais je ne savais pas que tu \u00e9tais obs\u00e9d\u00e9 par mes aisselles. Pour v\u00e9rifier si tu es bien faible pour mes aisselles odorantes je vais te faire jouir pour elles dans un temps imparti. Si jamais tu n&rsquo;arrives pas \u00e0 \u00eatre pr\u00e9coce je t&rsquo;infligerai une terrible sanction que tu regretteras am\u00e8rement&#8230;<\/p>\n<p>Vid\u00e9o : f\u00e9tichisme des aisselles &#8211; aisselles poilues &#8211; poils &#8211; armpits fetish &#8211; poilue &#8211; poilu &#8211; odorant &#8211; odeurs &#8211; naturel &#8211; hairy &#8211; JOI &#8211; instructions branlette &#8211; masturbation &#8211; instructions masturbation &#8211; humiliation &#8211; domina &#8211; domination &#8211; femdom &#8211; femdom POV &#8211; domination f\u00e9minine &#8211; dominatrice &#8211; soumis &#8211; soumission &#8211; esclave &#8211; smell fetish &#8211; odeur naturelle<\/p>","protected":false},"excerpt":{"rendered":"<p>Je savais que tu avais un point faible pour moi mais je ne savais pas que tu \u00e9tais obs\u00e9d\u00e9 par mes aisselles. Pour v\u00e9rifier si tu es bien faible pour mes aisselles odorantes je vais te faire jouir pour elles dans un temps imparti. Si jamais tu n&rsquo;arrives pas \u00e0 \u00eatre pr\u00e9coce je t&rsquo;infligerai une terrible sanction que tu regretteras am\u00e8rement&#8230;<\/p>","protected":false},"featured_media":2898,"template":"","meta":{"_kadence_starter_templates_imported_post":false,"_kad_post_transparent":"default","_kad_post_title":"","_kad_post_layout":"default","_kad_post_sidebar_id":"","_kad_post_content_style":"default","_kad_post_vertical_padding":"default","_kad_post_feature":"","_kad_post_feature_position":"","_kad_post_header":false,"_kad_post_footer":false,"_kad_post_classname":""},"product_brand":[],"product_cat":[17,64,37],"product_tag":[],"class_list":{"0":"post-2897","1":"product","2":"type-product","3":"status-publish","4":"has-post-thumbnail","6":"product_cat-videos-bdsm-fetichisme-en-francais","7":"product_cat-humiliation","8":"product_cat-veneration","10":"first","11":"instock","12":"shipping-taxable","13":"product-type-external","14":"entry","15":"content-bg","16":"loop-entry"},"_links":{"self":[{"href":"https:\/\/mistressbloodymarie.com\/en\/wp-json\/wp\/v2\/product\/2897","targetHints":{"allow":["GET"]}}],"collection":[{"href":"https:\/\/mistressbloodymarie.com\/en\/wp-json\/wp\/v2\/product"}],"about":[{"href":"https:\/\/mistressbloodymarie.com\/en\/wp-json\/wp\/v2\/types\/product"}],"wp:featuredmedia":[{"embeddable":true,"href":"https:\/\/mistressbloodymarie.com\/en\/wp-json\/wp\/v2\/media\/2898"}],"wp:attachment":[{"href":"https:\/\/mistressbloodymarie.com\/en\/wp-json\/wp\/v2\/media?parent=2897"}],"wp:term":[{"taxonomy":"product_brand","embeddable":true,"href":"https:\/\/mistressbloodymarie.com\/en\/wp-json\/wp\/v2\/product_brand?post=2897"},{"taxonomy":"product_cat","embeddable":true,"href":"https:\/\/mistressbloodymarie.com\/en\/wp-json\/wp\/v2\/product_cat?post=2897"},{"taxonomy":"product_tag","embeddable":true,"href":"https:\/\/mistressbloodymarie.com\/en\/wp-json\/wp\/v2\/product_tag?post=2897"}],"curies":[{"name":"wp","href":"https:\/\/api.w.org\/{rel}","templated":true}]}}