{"id":2950,"date":"2025-02-19T19:19:21","date_gmt":"2025-02-19T18:19:21","guid":{"rendered":"https:\/\/mistressbloodymarie.com\/?post_type=product&#038;p=2950"},"modified":"2025-02-19T19:24:29","modified_gmt":"2025-02-19T18:24:29","slug":"le-deal-blackmail-fantasy-pieds","status":"publish","type":"product","link":"https:\/\/mistressbloodymarie.com\/en\/product\/le-deal-blackmail-fantasy-pieds\/","title":{"rendered":"Le deal &#8211; TEASE AND DENIAL &#8211; HUMILIATION &#8211; BLACKMAIL FANTASY &#8211; FETICHISME PIEDS"},"content":{"rendered":"<p>Alors que je te croise en soir\u00e9e je te demande de venir me rejoindre dans la chambre. Tu ne me connais pas mais moi je te connais, je suis en contact avec ton ex et je sais qu&rsquo;elle t&rsquo;a mis en cage depuis plus d&rsquo;un mois. Tr\u00e8s amus\u00e9e par la situation je vais te proposer un march\u00e9 : si tu fais exactement tout ce que je te dis alors je ne r\u00e9v\u00e8lerai pas ton petit secret.<\/p>\n<p>*cette vid\u00e9o est une vid\u00e9o personnalis\u00e9e n&rsquo;h\u00e9site pas \u00e0 craquer pour la tienne<\/p>\n<p>Vid\u00e9o : f\u00e9tichisme des pieds &#8211; foot fetish &#8211; feet fetish &#8211; f\u00e9tichiste &#8211; pieds nus &#8211; pieds propres &#8211; grands pieds &#8211; orteils &#8211; plante des pieds &#8211; soles &#8211; l\u00e9cher pieds &#8211; l\u00e9cheur de pieds &#8211; chantage fantasme &#8211; blackmail fantasme &#8211; pacte &#8211; jean &#8211; humiliation &#8211; JOI &#8211; d\u00e9compte &#8211; d\u00e9compte pour jouir &#8211; d\u00e9ni d&rsquo;orgasme &#8211; tease and denial &#8211; couilles bleues &#8211; contr\u00f4le d&rsquo;orgasme &#8211; sadique &#8211; chastet\u00e9 &#8211; roleplay &#8211; jeux de r\u00f4les &#8211; brune &#8211; domina &#8211; dominatrice &#8211; femdom &#8211; femdom POV &#8211; domination f\u00e9minine &#8211; soumis &#8211; esclave &#8211; larbin &#8211; Bloody Marie &#8211; visage visible &#8211; visage apparent<\/p>","protected":false},"excerpt":{"rendered":"<p>Alors que je te croise en soir\u00e9e je te demande de venir me rejoindre dans la chambre. Tu ne me connais pas mais moi je te connais, je suis en contact avec ton ex et je sais qu&rsquo;elle t&rsquo;a mis en cage depuis plus d&rsquo;un mois. Tr\u00e8s amus\u00e9e par la situation je vais te proposer un march\u00e9 : si tu fais exactement tout ce que je te dis alors je ne r\u00e9v\u00e8lerai pas ton petit secret.<\/p>","protected":false},"featured_media":2951,"template":"","meta":{"_kadence_starter_templates_imported_post":false,"_kad_post_transparent":"default","_kad_post_title":"","_kad_post_layout":"default","_kad_post_sidebar_id":"","_kad_post_content_style":"default","_kad_post_vertical_padding":"default","_kad_post_feature":"","_kad_post_feature_position":"","_kad_post_header":false,"_kad_post_footer":false,"_kad_post_classname":""},"product_brand":[],"product_cat":[17,64,42,36],"product_tag":[],"class_list":{"0":"post-2950","1":"product","2":"type-product","3":"status-publish","4":"has-post-thumbnail","6":"product_cat-videos-bdsm-fetichisme-en-francais","7":"product_cat-humiliation","8":"product_cat-pieds","9":"product_cat-jeux-de-role","11":"first","12":"instock","13":"shipping-taxable","14":"product-type-external","15":"entry","16":"content-bg","17":"loop-entry"},"_links":{"self":[{"href":"https:\/\/mistressbloodymarie.com\/en\/wp-json\/wp\/v2\/product\/2950","targetHints":{"allow":["GET"]}}],"collection":[{"href":"https:\/\/mistressbloodymarie.com\/en\/wp-json\/wp\/v2\/product"}],"about":[{"href":"https:\/\/mistressbloodymarie.com\/en\/wp-json\/wp\/v2\/types\/product"}],"wp:featuredmedia":[{"embeddable":true,"href":"https:\/\/mistressbloodymarie.com\/en\/wp-json\/wp\/v2\/media\/2951"}],"wp:attachment":[{"href":"https:\/\/mistressbloodymarie.com\/en\/wp-json\/wp\/v2\/media?parent=2950"}],"wp:term":[{"taxonomy":"product_brand","embeddable":true,"href":"https:\/\/mistressbloodymarie.com\/en\/wp-json\/wp\/v2\/product_brand?post=2950"},{"taxonomy":"product_cat","embeddable":true,"href":"https:\/\/mistressbloodymarie.com\/en\/wp-json\/wp\/v2\/product_cat?post=2950"},{"taxonomy":"product_tag","embeddable":true,"href":"https:\/\/mistressbloodymarie.com\/en\/wp-json\/wp\/v2\/product_tag?post=2950"}],"curies":[{"name":"wp","href":"https:\/\/api.w.org\/{rel}","templated":true}]}}