{"id":2981,"date":"2025-02-26T20:29:58","date_gmt":"2025-02-26T19:29:58","guid":{"rendered":"https:\/\/mistressbloodymarie.com\/?post_type=product&#038;p=2981"},"modified":"2025-02-26T20:36:31","modified_gmt":"2025-02-26T19:36:31","slug":"seul-pour-toujours-humiliation","status":"publish","type":"product","link":"https:\/\/mistressbloodymarie.com\/en\/product\/seul-pour-toujours-humiliation\/","title":{"rendered":"Seul pour toujours &#8211; HUMILIATION VERBALE &#8211; PUCEAU CELIBATAIRE HUMILIATION"},"content":{"rendered":"<p>\u26a0\ufe0f CETTE VIDEO N&rsquo;EST PAS POUR LES FRAGILES \u26a0\ufe0f De toutes les humiliations que j\u2019ai pu te faire vivre jusqu\u2019ici, celle ci sera la pire. Aucun \u00e9tat d\u2019\u00e2me, aucune piti\u00e9, juste de la pure cruaut\u00e9. Je vais te rappeler \u00e0 quel point ta vie mis\u00e9rable n\u2019a pas de sens, \u00e0 quel point les mecs comme toi qui ont toujours connu l\u2019\u00e9chec finiront seuls et d\u00e9sesp\u00e9r\u00e9s\u00a0. Tu as toujours \u00e9t\u00e9 seul et tu le resteras.<\/p>\n<p>Vid\u00e9o\u00a0: humiliation \u2013 puceau \u2013 puceau humiliation \u2013 roasting \u2013 c\u00e9libat \u2013 c\u00e9libataire \u2013 beta \u2013 humiliation verbale \u2013 humiliation hardcore \u2013 humiliation violente \u2013 trash talk \u2013 femdom \u2013 femdom POV \u2013 domina \u2013 dominatrice \u2013 domination \u2013 garce \u2013 sadique \u2013 soumis \u2013 soumission \u2013 esclave \u2013 visage apparent \u2013 visage visible \u2013 Bloody Marie &#8211; insultes<\/p>","protected":false},"excerpt":{"rendered":"<p>\u26a0\ufe0f CETTE VIDEO N&rsquo;EST PAS POUR LES FRAGILES \u26a0\ufe0f De toutes les humiliations que j\u2019ai pu te faire vivre jusqu\u2019ici, celle ci sera la pire. Aucun \u00e9tat d\u2019\u00e2me, aucune piti\u00e9, juste de la pure cruaut\u00e9. Je vais te rappeler \u00e0 quel point ta vie mis\u00e9rable n\u2019a pas de sens, \u00e0 quel point les mecs comme toi qui ont toujours connu l\u2019\u00e9chec finiront seuls et d\u00e9sesp\u00e9r\u00e9s\u00a0. Tu as toujours \u00e9t\u00e9 seul et tu le resteras.<\/p>","protected":false},"featured_media":2982,"template":"","meta":{"_kadence_starter_templates_imported_post":false,"_kad_post_transparent":"default","_kad_post_title":"","_kad_post_layout":"default","_kad_post_sidebar_id":"","_kad_post_content_style":"default","_kad_post_vertical_padding":"default","_kad_post_feature":"","_kad_post_feature_position":"","_kad_post_header":false,"_kad_post_footer":false,"_kad_post_classname":""},"product_brand":[],"product_cat":[17,64],"product_tag":[],"class_list":{"0":"post-2981","1":"product","2":"type-product","3":"status-publish","4":"has-post-thumbnail","6":"product_cat-videos-bdsm-fetichisme-en-francais","7":"product_cat-humiliation","9":"first","10":"instock","11":"shipping-taxable","12":"product-type-external","13":"entry","14":"content-bg","15":"loop-entry"},"_links":{"self":[{"href":"https:\/\/mistressbloodymarie.com\/en\/wp-json\/wp\/v2\/product\/2981","targetHints":{"allow":["GET"]}}],"collection":[{"href":"https:\/\/mistressbloodymarie.com\/en\/wp-json\/wp\/v2\/product"}],"about":[{"href":"https:\/\/mistressbloodymarie.com\/en\/wp-json\/wp\/v2\/types\/product"}],"wp:featuredmedia":[{"embeddable":true,"href":"https:\/\/mistressbloodymarie.com\/en\/wp-json\/wp\/v2\/media\/2982"}],"wp:attachment":[{"href":"https:\/\/mistressbloodymarie.com\/en\/wp-json\/wp\/v2\/media?parent=2981"}],"wp:term":[{"taxonomy":"product_brand","embeddable":true,"href":"https:\/\/mistressbloodymarie.com\/en\/wp-json\/wp\/v2\/product_brand?post=2981"},{"taxonomy":"product_cat","embeddable":true,"href":"https:\/\/mistressbloodymarie.com\/en\/wp-json\/wp\/v2\/product_cat?post=2981"},{"taxonomy":"product_tag","embeddable":true,"href":"https:\/\/mistressbloodymarie.com\/en\/wp-json\/wp\/v2\/product_tag?post=2981"}],"curies":[{"name":"wp","href":"https:\/\/api.w.org\/{rel}","templated":true}]}}