{"id":3080,"date":"2025-05-06T18:32:46","date_gmt":"2025-05-06T16:32:46","guid":{"rendered":"https:\/\/mistressbloodymarie.com\/?post_type=product&#038;p=3080"},"modified":"2025-05-06T18:44:12","modified_gmt":"2025-05-06T16:44:12","slug":"rien-dautre-que-mes-pieds-footfet","status":"publish","type":"product","link":"https:\/\/mistressbloodymarie.com\/en\/product\/rien-dautre-que-mes-pieds-footfet\/","title":{"rendered":"Rien d&rsquo;autre que mes pieds &#8211; Humiliation &#8211; Fetichisme des pieds &#8211; V\u00e9n\u00e9ration des plantes de pieds"},"content":{"rendered":"<p>Je suis certaine que personne ne connait ton secret, que personne n&rsquo;imagine \u00e0 quoi tu penses quand tu souris \u00e0 table. Moi je sais : mes plantes de pieds divines, mes orteils parfaits, cette cambrure qui te fait p\u00e9ter les plombs. Tu pr\u00e9tends avoir une vie ? Des amis ? Des loisirs ? Une copine ? Mais pourtant devant moi tu baisses les yeux, tu ouvres la bouche et tu ob\u00e9is. A la fin il ne te restera que mes pieds et tu vas adorer \u00e7a.<\/p>\n<p>Vid\u00e9o : pieds &#8211; plantes de pieds &#8211; f\u00e9tichisme des pieds &#8211; f\u00e9tichiste &#8211; grands pieds &#8211; orteils &#8211; pieds nus &#8211; adoration des pieds &#8211; v\u00e9n\u00e9ration des pieds &#8211; feet &#8211; soles &#8211; foot fetish &#8211; foot worship &#8211; humiliation &#8211; humiliation verbale &#8211; humiliation par les pieds &#8211; soumission &#8211; soumis &#8211; esclave &#8211; beta &#8211; soumission mentale &#8211; l\u00e9cheur de pieds &#8211; v\u00e9n\u00e9ration &#8211; femdom &#8211; domination &#8211; domination f\u00e9minine &#8211; domina &#8211; visage visible &#8211; visage apparent &#8211; domination c\u00e9r\u00e9brale<\/p>","protected":false},"excerpt":{"rendered":"<p>Je suis certaine que personne ne connait ton secret, que personne n&rsquo;imagine \u00e0 quoi tu penses quand tu souris \u00e0 table. Moi je sais : mes plantes de pieds divines, mes orteils parfaits, cette cambrure qui te fait p\u00e9ter les plombs. Tu pr\u00e9tends avoir une vie ? Des amis ? Des loisirs ? Une copine ? Mais pourtant devant moi tu baisses les yeux, tu ouvres la bouche et tu ob\u00e9is. A la fin il ne te restera que mes pieds et tu vas adorer \u00e7a.<\/p>","protected":false},"featured_media":3081,"template":"","meta":{"_kadence_starter_templates_imported_post":false,"_kad_post_transparent":"default","_kad_post_title":"","_kad_post_layout":"default","_kad_post_sidebar_id":"","_kad_post_content_style":"default","_kad_post_vertical_padding":"default","_kad_post_feature":"","_kad_post_feature_position":"","_kad_post_header":false,"_kad_post_footer":false,"_kad_post_classname":""},"product_brand":[],"product_cat":[17,64,42],"product_tag":[],"class_list":{"0":"post-3080","1":"product","2":"type-product","3":"status-publish","4":"has-post-thumbnail","6":"product_cat-videos-bdsm-fetichisme-en-francais","7":"product_cat-humiliation","8":"product_cat-pieds","10":"first","11":"instock","12":"shipping-taxable","13":"product-type-external","14":"entry","15":"content-bg","16":"loop-entry"},"_links":{"self":[{"href":"https:\/\/mistressbloodymarie.com\/en\/wp-json\/wp\/v2\/product\/3080","targetHints":{"allow":["GET"]}}],"collection":[{"href":"https:\/\/mistressbloodymarie.com\/en\/wp-json\/wp\/v2\/product"}],"about":[{"href":"https:\/\/mistressbloodymarie.com\/en\/wp-json\/wp\/v2\/types\/product"}],"wp:featuredmedia":[{"embeddable":true,"href":"https:\/\/mistressbloodymarie.com\/en\/wp-json\/wp\/v2\/media\/3081"}],"wp:attachment":[{"href":"https:\/\/mistressbloodymarie.com\/en\/wp-json\/wp\/v2\/media?parent=3080"}],"wp:term":[{"taxonomy":"product_brand","embeddable":true,"href":"https:\/\/mistressbloodymarie.com\/en\/wp-json\/wp\/v2\/product_brand?post=3080"},{"taxonomy":"product_cat","embeddable":true,"href":"https:\/\/mistressbloodymarie.com\/en\/wp-json\/wp\/v2\/product_cat?post=3080"},{"taxonomy":"product_tag","embeddable":true,"href":"https:\/\/mistressbloodymarie.com\/en\/wp-json\/wp\/v2\/product_tag?post=3080"}],"curies":[{"name":"wp","href":"https:\/\/api.w.org\/{rel}","templated":true}]}}