{"id":3118,"date":"2025-05-24T21:15:17","date_gmt":"2025-05-24T19:15:17","guid":{"rendered":"https:\/\/mistressbloodymarie.com\/?post_type=product&#038;p=3118"},"modified":"2025-05-24T21:19:22","modified_gmt":"2025-05-24T19:19:22","slug":"prisonnier-de-mon-regard-mindfuck","status":"publish","type":"product","link":"https:\/\/mistressbloodymarie.com\/en\/product\/prisonnier-de-mon-regard-mindfuck\/","title":{"rendered":"Prisonnier de mon regard &#8211; Mind Fuck &#8211; Mind control &#8211; Domination mentale &#8211; Regard fetish"},"content":{"rendered":"<p>Tu pensais r\u00e9ellement me regarder et rester ma\u00eetre de toi ? Comme tu es dr\u00f4le. D\u00e8s l&rsquo;instant o\u00f9 tes yeux croisent les miens tout bascule, le monde autour de toi disparait. Mon regard te retient prisonnier, il t&rsquo;aide \u00e0 t&rsquo;oublier, \u00e0 ne plus penser, \u00e0 ne plus rien contr\u00f4ler. Ce n&rsquo;est pas un jeu c&rsquo;est le d\u00e9but d&rsquo;une d\u00e9pendance.<\/p>\n<p>Vid\u00e9o : domination mentale &#8211; domination c\u00e9r\u00e9brale &#8211; regard hypnotique fantasme &#8211; emprise visuelle &#8211; face cam &#8211; gaze contr\u00f4le &#8211; manipulation &#8211; ASMR &#8211; contr\u00f4le mental &#8211; mind fuck &#8211; brainwash fantasme &#8211; hypno fantasme &#8211; addiction fantasme &#8211; obsession &#8211; mantras &#8211; conditionnement &#8211; v\u00e9n\u00e9ration &#8211; slave training &#8211; entrainement esclave &#8211; contr\u00f4le psychologique fantasme &#8211; addiction fetish fantasme &#8211; soumis &#8211; soumission &#8211; esclave &#8211; beta &#8211; conditionn\u00e9 &#8211; domina &#8211; v\u00e9n\u00e9ration d\u00e9esse &#8211; femdom &#8211; dominatrice &#8211; domination &#8211; s\u00e9duction &#8211; visage visible &#8211; visage apparent<\/p>","protected":false},"excerpt":{"rendered":"<p>Tu pensais r\u00e9ellement me regarder et rester ma\u00eetre de toi ? Comme tu es dr\u00f4le. D\u00e8s l&rsquo;instant o\u00f9 tes yeux croisent les miens tout bascule, le monde autour de toi disparait. Mon regard te retient prisonnier, il t&rsquo;aide \u00e0 t&rsquo;oublier, \u00e0 ne plus penser, \u00e0 ne plus rien contr\u00f4ler. Ce n&rsquo;est pas un jeu c&rsquo;est le d\u00e9but d&rsquo;une d\u00e9pendance.<\/p>","protected":false},"featured_media":3119,"template":"","meta":{"_kadence_starter_templates_imported_post":false,"_kad_post_transparent":"default","_kad_post_title":"","_kad_post_layout":"default","_kad_post_sidebar_id":"","_kad_post_content_style":"default","_kad_post_vertical_padding":"default","_kad_post_feature":"","_kad_post_feature_position":"","_kad_post_header":false,"_kad_post_footer":false,"_kad_post_classname":""},"product_brand":[],"product_cat":[17,41],"product_tag":[],"class_list":{"0":"post-3118","1":"product","2":"type-product","3":"status-publish","4":"has-post-thumbnail","6":"product_cat-videos-bdsm-fetichisme-en-francais","7":"product_cat-brainwash","9":"first","10":"instock","11":"shipping-taxable","12":"product-type-external","13":"entry","14":"content-bg","15":"loop-entry"},"_links":{"self":[{"href":"https:\/\/mistressbloodymarie.com\/en\/wp-json\/wp\/v2\/product\/3118","targetHints":{"allow":["GET"]}}],"collection":[{"href":"https:\/\/mistressbloodymarie.com\/en\/wp-json\/wp\/v2\/product"}],"about":[{"href":"https:\/\/mistressbloodymarie.com\/en\/wp-json\/wp\/v2\/types\/product"}],"wp:featuredmedia":[{"embeddable":true,"href":"https:\/\/mistressbloodymarie.com\/en\/wp-json\/wp\/v2\/media\/3119"}],"wp:attachment":[{"href":"https:\/\/mistressbloodymarie.com\/en\/wp-json\/wp\/v2\/media?parent=3118"}],"wp:term":[{"taxonomy":"product_brand","embeddable":true,"href":"https:\/\/mistressbloodymarie.com\/en\/wp-json\/wp\/v2\/product_brand?post=3118"},{"taxonomy":"product_cat","embeddable":true,"href":"https:\/\/mistressbloodymarie.com\/en\/wp-json\/wp\/v2\/product_cat?post=3118"},{"taxonomy":"product_tag","embeddable":true,"href":"https:\/\/mistressbloodymarie.com\/en\/wp-json\/wp\/v2\/product_tag?post=3118"}],"curies":[{"name":"wp","href":"https:\/\/api.w.org\/{rel}","templated":true}]}}