{"id":3150,"date":"2025-07-13T15:29:13","date_gmt":"2025-07-13T13:29:13","guid":{"rendered":"https:\/\/mistressbloodymarie.com\/?post_type=product&#038;p=3150"},"modified":"2025-07-13T15:34:13","modified_gmt":"2025-07-13T13:34:13","slug":"losers-venerent-mes-culottes-sales","status":"publish","type":"product","link":"https:\/\/mistressbloodymarie.com\/en\/product\/losers-venerent-mes-culottes-sales\/","title":{"rendered":"Les losers v\u00e9n\u00e8rent mes culottes sales &#8211; F\u00e9tichisme des culottes sales &#8211; Humiliation"},"content":{"rendered":"<p>Toi ce qui te chauffe ce n&rsquo;est pas le porno classique ou les femmes nues non. Ce dont tu r\u00eaves c&rsquo;est de ma culotte sale. Tu as de la chance j&rsquo;adore humilier les betas dans ton genre et je vais bien m&rsquo;amuser avec toi : je vais te la faire renifler, l\u00e9cher, au sol comme un d\u00e9bile. Je d\u00e9cide de tout et je vais aussi te l&rsquo;enfoncer dans la gorge comme un bon b\u00e2illon pour que tu la fermes. Tu vas te retrouver soumis, excit\u00e9 et impuissant le nez dans ma culotte.<\/p>\n<p>* cette vid\u00e9o est une vid\u00e9o personnalis\u00e9e n&rsquo;h\u00e9site pas \u00e0 craquer pour la tienne<\/p>\n<p>Vid\u00e9o : culotte &#8211; culotte sale &#8211; sous v\u00eatements port\u00e9s &#8211; culotte blanche &#8211; mouille &#8211; cyprine &#8211; culotte mouill\u00e9e &#8211; f\u00e9tichiste &#8211; f\u00e9tichisme &#8211; odeurs &#8211; odorant &#8211; sale &#8211; l\u00e9cheur &#8211; renifler &#8211; renifleur &#8211; humiliation &#8211; beta humiliation &#8211; domina &#8211; dominatrice &#8211; femdom &#8211; soumis &#8211; soumission &#8211; visage visible &#8211; visage apparent &#8211; Bloody Marie<\/p>","protected":false},"excerpt":{"rendered":"<p>Toi ce qui te chauffe ce n&rsquo;est pas le porno classique ou les femmes nues non. Ce dont tu r\u00eaves c&rsquo;est de ma culotte sale. Tu as de la chance j&rsquo;adore humilier les betas dans ton genre et je vais bien m&rsquo;amuser avec toi : je vais te la faire renifler, l\u00e9cher, au sol comme un d\u00e9bile. Je d\u00e9cide de tout et je vais aussi te l&rsquo;enfoncer dans la gorge comme un bon b\u00e2illon pour que tu la fermes. Tu vas te retrouver soumis, excit\u00e9 et impuissant le nez dans ma culotte.<\/p>","protected":false},"featured_media":3151,"template":"","meta":{"_kadence_starter_templates_imported_post":false,"_kad_post_transparent":"default","_kad_post_title":"","_kad_post_layout":"default","_kad_post_sidebar_id":"","_kad_post_content_style":"default","_kad_post_vertical_padding":"default","_kad_post_feature":"","_kad_post_feature_position":"","_kad_post_header":false,"_kad_post_footer":false,"_kad_post_classname":""},"product_brand":[],"product_cat":[17,64],"product_tag":[],"class_list":{"0":"post-3150","1":"product","2":"type-product","3":"status-publish","4":"has-post-thumbnail","6":"product_cat-videos-bdsm-fetichisme-en-francais","7":"product_cat-humiliation","9":"first","10":"instock","11":"shipping-taxable","12":"product-type-external","13":"entry","14":"content-bg","15":"loop-entry"},"_links":{"self":[{"href":"https:\/\/mistressbloodymarie.com\/en\/wp-json\/wp\/v2\/product\/3150","targetHints":{"allow":["GET"]}}],"collection":[{"href":"https:\/\/mistressbloodymarie.com\/en\/wp-json\/wp\/v2\/product"}],"about":[{"href":"https:\/\/mistressbloodymarie.com\/en\/wp-json\/wp\/v2\/types\/product"}],"wp:featuredmedia":[{"embeddable":true,"href":"https:\/\/mistressbloodymarie.com\/en\/wp-json\/wp\/v2\/media\/3151"}],"wp:attachment":[{"href":"https:\/\/mistressbloodymarie.com\/en\/wp-json\/wp\/v2\/media?parent=3150"}],"wp:term":[{"taxonomy":"product_brand","embeddable":true,"href":"https:\/\/mistressbloodymarie.com\/en\/wp-json\/wp\/v2\/product_brand?post=3150"},{"taxonomy":"product_cat","embeddable":true,"href":"https:\/\/mistressbloodymarie.com\/en\/wp-json\/wp\/v2\/product_cat?post=3150"},{"taxonomy":"product_tag","embeddable":true,"href":"https:\/\/mistressbloodymarie.com\/en\/wp-json\/wp\/v2\/product_tag?post=3150"}],"curies":[{"name":"wp","href":"https:\/\/api.w.org\/{rel}","templated":true}]}}