{"id":3157,"date":"2025-07-18T12:38:57","date_gmt":"2025-07-18T10:38:57","guid":{"rendered":"https:\/\/mistressbloodymarie.com\/?post_type=product&#038;p=3157"},"modified":"2025-07-18T12:51:59","modified_gmt":"2025-07-18T10:51:59","slug":"pas-de-chatte-seulement-oreiller","status":"publish","type":"product","link":"https:\/\/mistressbloodymarie.com\/en\/product\/pas-de-chatte-seulement-oreiller\/","title":{"rendered":"Pas de chatte ton oreiller suffira &#8211; Humiliation &#8211; Humping &#8211; Pussy denial"},"content":{"rendered":"<p>Tu pensais m\u00e9riter d&rsquo;avoir une sexualit\u00e9 normale ? Non clairement pas. Les betas comme toi ne m\u00e9ritent qu&rsquo;une chose : de la honte et de la frustration. A partir d&rsquo;aujourd&rsquo;hui ton seul droit c&rsquo;est de te frotter contre oreiller comme un d\u00e9bile en manque. Pas de chatte, pas de branlette rien qu&rsquo;un rituel terrible o\u00f9 tu te frottes d\u00e9sesp\u00e9r\u00e9ment.<\/p>\n<p>Vid\u00e9o : humping &#8211; oreiller &#8211; humiliation &#8211; d\u00e9gradation verbale &#8211; humiliation verbale &#8211; insultes &#8211; pussy denial &#8211; pas de chatte &#8211; frustration &#8211; beta &#8211; contr\u00f4le d&rsquo;orgasme &#8211; contr\u00f4le de sexualit\u00e9 &#8211; c\u00e9libat encouragement &#8211; ordre &#8211; femdom &#8211; domination f\u00e9minine &#8211; domina &#8211; dominatrice &#8211; soumis &#8211; soumission &#8211; esclave &#8211; domination mentale &#8211; JOI humiliant &#8211; humiliatrice &#8211; visage visible &#8211; Bloody Marie &#8211; frustration &#8211; denial<\/p>","protected":false},"excerpt":{"rendered":"<p>Tu pensais m\u00e9riter d&rsquo;avoir une sexualit\u00e9 normale ? Non clairement pas. Les betas comme toi ne m\u00e9ritent qu&rsquo;une chose : de la honte et de la frustration. A partir d&rsquo;aujourd&rsquo;hui ton seul droit c&rsquo;est de te frotter contre oreiller comme un d\u00e9bile en manque. Pas de chatte, pas de branlette rien qu&rsquo;un rituel terrible o\u00f9 tu te frottes d\u00e9sesp\u00e9r\u00e9ment.<\/p>","protected":false},"featured_media":3159,"template":"","meta":{"_kadence_starter_templates_imported_post":false,"_kad_post_transparent":"default","_kad_post_title":"","_kad_post_layout":"default","_kad_post_sidebar_id":"","_kad_post_content_style":"default","_kad_post_vertical_padding":"default","_kad_post_feature":"","_kad_post_feature_position":"","_kad_post_header":false,"_kad_post_footer":false,"_kad_post_classname":""},"product_brand":[],"product_cat":[17,64],"product_tag":[],"class_list":{"0":"post-3157","1":"product","2":"type-product","3":"status-publish","4":"has-post-thumbnail","6":"product_cat-videos-bdsm-fetichisme-en-francais","7":"product_cat-humiliation","9":"first","10":"instock","11":"shipping-taxable","12":"product-type-external","13":"entry","14":"content-bg","15":"loop-entry"},"_links":{"self":[{"href":"https:\/\/mistressbloodymarie.com\/en\/wp-json\/wp\/v2\/product\/3157","targetHints":{"allow":["GET"]}}],"collection":[{"href":"https:\/\/mistressbloodymarie.com\/en\/wp-json\/wp\/v2\/product"}],"about":[{"href":"https:\/\/mistressbloodymarie.com\/en\/wp-json\/wp\/v2\/types\/product"}],"wp:featuredmedia":[{"embeddable":true,"href":"https:\/\/mistressbloodymarie.com\/en\/wp-json\/wp\/v2\/media\/3159"}],"wp:attachment":[{"href":"https:\/\/mistressbloodymarie.com\/en\/wp-json\/wp\/v2\/media?parent=3157"}],"wp:term":[{"taxonomy":"product_brand","embeddable":true,"href":"https:\/\/mistressbloodymarie.com\/en\/wp-json\/wp\/v2\/product_brand?post=3157"},{"taxonomy":"product_cat","embeddable":true,"href":"https:\/\/mistressbloodymarie.com\/en\/wp-json\/wp\/v2\/product_cat?post=3157"},{"taxonomy":"product_tag","embeddable":true,"href":"https:\/\/mistressbloodymarie.com\/en\/wp-json\/wp\/v2\/product_tag?post=3157"}],"curies":[{"name":"wp","href":"https:\/\/api.w.org\/{rel}","templated":true}]}}