{"id":3165,"date":"2025-07-18T12:53:23","date_gmt":"2025-07-18T10:53:23","guid":{"rendered":"https:\/\/mistressbloodymarie.com\/?post_type=product&#038;p=3165"},"modified":"2025-07-18T12:56:56","modified_gmt":"2025-07-18T10:56:56","slug":"mes-pieds-ou-ta-liberte-fetish","status":"publish","type":"product","link":"https:\/\/mistressbloodymarie.com\/en\/product\/mes-pieds-ou-ta-liberte-fetish\/","title":{"rendered":"Mes pieds ou ta libert\u00e9 &#8211; F\u00e9tichisme des pieds &#8211; Denial &#8211; Chastet\u00e9 &#8211; Humiliation"},"content":{"rendered":"<p>Regarde un peu comme tu es chanceux ! Pour une fois tu as le choix (mais si je t&rsquo;assure) : mes pieds ou ta libert\u00e9. Si tu as envie de l\u00e9cher mes plantes d\u00e9licieuses, de renifler ou de sucer mes orteils roses il n&rsquo;y aura qu&rsquo;une toute petite condition : abandonner ta sexualit\u00e9 et me laisser te r\u00e9duire \u00e0 l&rsquo;\u00e9tat d&rsquo;objet frustr\u00e9 et tourment\u00e9. Tu vois je sais me montrer g\u00e9n\u00e9reuse !<\/p>\n<p>Vid\u00e9o : f\u00e9tichisme des pieds &#8211; pieds nus &#8211; plante des pieds &#8211; soles &#8211; orteils &#8211; vernis &#8211; longs orteils &#8211; plante des pieds rose &#8211; foot fetish &#8211; l\u00e9cheur de pieds &#8211; renifler &#8211; renifleur &#8211; permission &#8211; tease and denial &#8211; denial &#8211; frustration &#8211; contr\u00f4le de sexualit\u00e9 &#8211; contr\u00f4le d&rsquo;orgasme &#8211; faux d\u00e9compte &#8211; humiliation &#8211; beta &#8211; deal &#8211; manipulation fantasme &#8211; domina &#8211; dominatrice &#8211; femdom &#8211; domination f\u00e9minine &#8211; soumis &#8211; f\u00e9tichiste &#8211; f\u00e9tichisme &#8211; pieds &#8211; soumis &#8211; soumission &#8211; chastet\u00e9 &#8211; encouragement chastet\u00e9 &#8211; visage visible &#8211; visage apparent &#8211; Bloody Marie<\/p>","protected":false},"excerpt":{"rendered":"<p>Regarde un peu comme tu es chanceux ! Pour une fois tu as le choix (mais si je t&rsquo;assure) : mes pieds ou ta libert\u00e9. Si tu as envie de l\u00e9cher mes plantes d\u00e9licieuses, de renifler ou de sucer mes orteils roses il n&rsquo;y aura qu&rsquo;une toute petite condition : abandonner ta sexualit\u00e9 et me laisser te r\u00e9duire \u00e0 l&rsquo;\u00e9tat d&rsquo;objet frustr\u00e9 et tourment\u00e9. Tu vois je sais me montrer g\u00e9n\u00e9reuse !<\/p>","protected":false},"featured_media":3158,"template":"","meta":{"_kadence_starter_templates_imported_post":false,"_kad_post_transparent":"default","_kad_post_title":"","_kad_post_layout":"default","_kad_post_sidebar_id":"","_kad_post_content_style":"default","_kad_post_vertical_padding":"default","_kad_post_feature":"","_kad_post_feature_position":"","_kad_post_header":false,"_kad_post_footer":false,"_kad_post_classname":""},"product_brand":[],"product_cat":[17,64,37,35,42],"product_tag":[],"class_list":{"0":"post-3165","1":"product","2":"type-product","3":"status-publish","4":"has-post-thumbnail","6":"product_cat-videos-bdsm-fetichisme-en-francais","7":"product_cat-humiliation","8":"product_cat-veneration","9":"product_cat-chastete","10":"product_cat-pieds","12":"first","13":"instock","14":"shipping-taxable","15":"product-type-external","16":"entry","17":"content-bg","18":"loop-entry"},"_links":{"self":[{"href":"https:\/\/mistressbloodymarie.com\/en\/wp-json\/wp\/v2\/product\/3165","targetHints":{"allow":["GET"]}}],"collection":[{"href":"https:\/\/mistressbloodymarie.com\/en\/wp-json\/wp\/v2\/product"}],"about":[{"href":"https:\/\/mistressbloodymarie.com\/en\/wp-json\/wp\/v2\/types\/product"}],"wp:featuredmedia":[{"embeddable":true,"href":"https:\/\/mistressbloodymarie.com\/en\/wp-json\/wp\/v2\/media\/3158"}],"wp:attachment":[{"href":"https:\/\/mistressbloodymarie.com\/en\/wp-json\/wp\/v2\/media?parent=3165"}],"wp:term":[{"taxonomy":"product_brand","embeddable":true,"href":"https:\/\/mistressbloodymarie.com\/en\/wp-json\/wp\/v2\/product_brand?post=3165"},{"taxonomy":"product_cat","embeddable":true,"href":"https:\/\/mistressbloodymarie.com\/en\/wp-json\/wp\/v2\/product_cat?post=3165"},{"taxonomy":"product_tag","embeddable":true,"href":"https:\/\/mistressbloodymarie.com\/en\/wp-json\/wp\/v2\/product_tag?post=3165"}],"curies":[{"name":"wp","href":"https:\/\/api.w.org\/{rel}","templated":true}]}}