{"id":3198,"date":"2025-10-06T19:51:26","date_gmt":"2025-10-06T17:51:26","guid":{"rendered":"https:\/\/mistressbloodymarie.com\/?post_type=product&#038;p=3198"},"modified":"2025-10-06T19:55:21","modified_gmt":"2025-10-06T17:55:21","slug":"gay-test-humiliation-verbale","status":"publish","type":"product","link":"https:\/\/mistressbloodymarie.com\/en\/product\/gay-test-humiliation-verbale\/","title":{"rendered":"Gay test, tu as \u00e9chou\u00e9 d\u00e8s que t&rsquo;as cliqu\u00e9 &#8211; Gay encouragement &#8211; Humiliation verbale"},"content":{"rendered":"<p>Tu dis aimer les femmes, tu dis \u00eatre un homme un vrai mais si tout \u00e7a n&rsquo;\u00e9tait qu&rsquo;un masque ? Non toi si tu as cliqu\u00e9 sur cette vid\u00e9o c&rsquo;est parce que tu es s\u00fbr de toi voyons, parce que ta virilit\u00e9 n&rsquo;est plus \u00e0 prouver ! Alors je t&rsquo;en prie viens donc passer le test, il n&rsquo;y a aucun risque dans ce cas.<\/p>\n<p>Vid\u00e9o : gay encouragement &#8211; bi encouragement &#8211; bi questionnement &#8211; hetero curieux &#8211; humiliation &#8211; humiliation verbale &#8211; challenge &#8211; test &#8211; femdom &#8211; f\u00e9minisme &#8211; f\u00e9ministe &#8211; ego destruction &#8211; humiliation beta &#8211; humiliation alpha &#8211; misandre &#8211; soumis &#8211; soumission &#8211; beta &#8211; femdom &#8211; femdom POV &#8211; domina &#8211; dominatrice &#8211; sadique &#8211; Bloody Marie<\/p>","protected":false},"excerpt":{"rendered":"<p>Tu dis aimer les femmes, tu dis \u00eatre un homme un vrai mais si tout \u00e7a n&rsquo;\u00e9tait qu&rsquo;un masque ? Non toi si tu as cliqu\u00e9 sur cette vid\u00e9o c&rsquo;est parce que tu es s\u00fbr de toi voyons, parce que ta virilit\u00e9 n&rsquo;est plus \u00e0 prouver ! Alors je t&rsquo;en prie viens donc passer le test, il n&rsquo;y a aucun risque dans ce cas.<\/p>","protected":false},"featured_media":3199,"template":"","meta":{"_kadence_starter_templates_imported_post":false,"_kad_post_transparent":"default","_kad_post_title":"","_kad_post_layout":"default","_kad_post_sidebar_id":"","_kad_post_content_style":"default","_kad_post_vertical_padding":"default","_kad_post_feature":"","_kad_post_feature_position":"","_kad_post_header":false,"_kad_post_footer":false,"_kad_post_classname":""},"product_brand":[],"product_cat":[17,64],"product_tag":[],"class_list":{"0":"post-3198","1":"product","2":"type-product","3":"status-publish","4":"has-post-thumbnail","6":"product_cat-videos-bdsm-fetichisme-en-francais","7":"product_cat-humiliation","9":"first","10":"instock","11":"shipping-taxable","12":"product-type-external","13":"entry","14":"content-bg","15":"loop-entry"},"_links":{"self":[{"href":"https:\/\/mistressbloodymarie.com\/en\/wp-json\/wp\/v2\/product\/3198","targetHints":{"allow":["GET"]}}],"collection":[{"href":"https:\/\/mistressbloodymarie.com\/en\/wp-json\/wp\/v2\/product"}],"about":[{"href":"https:\/\/mistressbloodymarie.com\/en\/wp-json\/wp\/v2\/types\/product"}],"wp:featuredmedia":[{"embeddable":true,"href":"https:\/\/mistressbloodymarie.com\/en\/wp-json\/wp\/v2\/media\/3199"}],"wp:attachment":[{"href":"https:\/\/mistressbloodymarie.com\/en\/wp-json\/wp\/v2\/media?parent=3198"}],"wp:term":[{"taxonomy":"product_brand","embeddable":true,"href":"https:\/\/mistressbloodymarie.com\/en\/wp-json\/wp\/v2\/product_brand?post=3198"},{"taxonomy":"product_cat","embeddable":true,"href":"https:\/\/mistressbloodymarie.com\/en\/wp-json\/wp\/v2\/product_cat?post=3198"},{"taxonomy":"product_tag","embeddable":true,"href":"https:\/\/mistressbloodymarie.com\/en\/wp-json\/wp\/v2\/product_tag?post=3198"}],"curies":[{"name":"wp","href":"https:\/\/api.w.org\/{rel}","templated":true}]}}