{"id":3204,"date":"2025-10-06T19:55:40","date_gmt":"2025-10-06T17:55:40","guid":{"rendered":"https:\/\/mistressbloodymarie.com\/?post_type=product&#038;p=3204"},"modified":"2025-10-06T20:00:08","modified_gmt":"2025-10-06T18:00:08","slug":"jamais-tienne-uniquement-mon-cocu","status":"publish","type":"product","link":"https:\/\/mistressbloodymarie.com\/en\/product\/jamais-tienne-uniquement-mon-cocu\/","title":{"rendered":"Jamais tienne, tu seras seulement mon cocu &#8211; Humiliation &#8211; Cuckold"},"content":{"rendered":"<p>Tu penses encore avoir une chance avec moi ? Tu crois qu&rsquo;un jour je pourrais te vouloir ? Ouvre les yeux, tu me d\u00e9go\u00fbtes. Je vais te dire clairement ce que tu es : un sous-homme, un larbin, un nettoyeur de sex toys et de draps souill\u00e9s. Tu n&rsquo;auras jamais mon corps mais tu peux te rendre utile en l\u00e9chant mes capotes usag\u00e9es et peut-\u00eatre que tu gagneras une place au pied de mon lit pendant que je prends du plaisir avec un autre. Sois un cocu fier d&rsquo;\u00eatre humili\u00e9 et frustr\u00e9.<\/p>\n<p>Vid\u00e9o : cuck &#8211; cuckold &#8211; cocu &#8211; cocufiage &#8211; candaulisme &#8211; humiliation &#8211; infid\u00e8le &#8211; infid\u00e9lit\u00e9 &#8211; humiliation verbale &#8211; beta humiliation &#8211; esclave &#8211; entrainement esclave &#8211; slave training &#8211; cage &#8211; bouffeur de capotes &#8211; nettoyeur &#8211; l\u00e9cheur &#8211; voyeur &#8211; soumis &#8211; soumission &#8211; beta &#8211; larbin &#8211; domina &#8211; dominatrice &#8211; femdom &#8211; Bloody Marie &#8211; visage visible &#8211; visage apparent &#8211; pervers<\/p>","protected":false},"excerpt":{"rendered":"<p>Tu penses encore avoir une chance avec moi ? Tu crois qu&rsquo;un jour je pourrais te vouloir ? Ouvre les yeux, tu me d\u00e9go\u00fbtes. Je vais te dire clairement ce que tu es : un sous-homme, un larbin, un nettoyeur de sex toys et de draps souill\u00e9s. Tu n&rsquo;auras jamais mon corps mais tu peux te rendre utile en l\u00e9chant mes capotes usag\u00e9es et peut-\u00eatre que tu gagneras une place au pied de mon lit pendant que je prends du plaisir avec un autre. Sois un cocu fier d&rsquo;\u00eatre humili\u00e9 et frustr\u00e9.<\/p>","protected":false},"featured_media":3205,"template":"","meta":{"_kadence_starter_templates_imported_post":false,"_kad_post_transparent":"default","_kad_post_title":"","_kad_post_layout":"default","_kad_post_sidebar_id":"","_kad_post_content_style":"default","_kad_post_vertical_padding":"default","_kad_post_feature":"","_kad_post_feature_position":"","_kad_post_header":false,"_kad_post_footer":false,"_kad_post_classname":""},"product_brand":[],"product_cat":[17,65,64],"product_tag":[],"class_list":{"0":"post-3204","1":"product","2":"type-product","3":"status-publish","4":"has-post-thumbnail","6":"product_cat-videos-bdsm-fetichisme-en-francais","7":"product_cat-cuck","8":"product_cat-humiliation","10":"first","11":"instock","12":"shipping-taxable","13":"product-type-external","14":"entry","15":"content-bg","16":"loop-entry"},"_links":{"self":[{"href":"https:\/\/mistressbloodymarie.com\/en\/wp-json\/wp\/v2\/product\/3204","targetHints":{"allow":["GET"]}}],"collection":[{"href":"https:\/\/mistressbloodymarie.com\/en\/wp-json\/wp\/v2\/product"}],"about":[{"href":"https:\/\/mistressbloodymarie.com\/en\/wp-json\/wp\/v2\/types\/product"}],"wp:featuredmedia":[{"embeddable":true,"href":"https:\/\/mistressbloodymarie.com\/en\/wp-json\/wp\/v2\/media\/3205"}],"wp:attachment":[{"href":"https:\/\/mistressbloodymarie.com\/en\/wp-json\/wp\/v2\/media?parent=3204"}],"wp:term":[{"taxonomy":"product_brand","embeddable":true,"href":"https:\/\/mistressbloodymarie.com\/en\/wp-json\/wp\/v2\/product_brand?post=3204"},{"taxonomy":"product_cat","embeddable":true,"href":"https:\/\/mistressbloodymarie.com\/en\/wp-json\/wp\/v2\/product_cat?post=3204"},{"taxonomy":"product_tag","embeddable":true,"href":"https:\/\/mistressbloodymarie.com\/en\/wp-json\/wp\/v2\/product_tag?post=3204"}],"curies":[{"name":"wp","href":"https:\/\/api.w.org\/{rel}","templated":true}]}}