{"id":3209,"date":"2025-10-06T20:04:01","date_gmt":"2025-10-06T18:04:01","guid":{"rendered":"https:\/\/mistressbloodymarie.com\/?post_type=product&#038;p=3209"},"modified":"2025-10-06T20:08:16","modified_gmt":"2025-10-06T18:08:16","slug":"tongs-challenge-defi-pieds","status":"publish","type":"product","link":"https:\/\/mistressbloodymarie.com\/en\/product\/tongs-challenge-defi-pieds\/","title":{"rendered":"Tongs challenge &#8211; F\u00e9tichisme des pieds &#8211; F\u00e9tichisme des tongs &#8211; Tease and Denial"},"content":{"rendered":"<p>L&rsquo;\u00e9t\u00e9, la saison o\u00f9 je ressors mes tongs et o\u00f9 toi tu deviens fou ! Tu pensais pouvoir me r\u00e9sister ? Voyons pas de mensonge entre nous. Je vais te montrer chaque d\u00e9tail, te les faire v\u00e9n\u00e9rer et &#8230; tenir. Pas question de jouir avant la fin m\u00eame si chaque seconde est un supplice. Prouve moi que tu es pr\u00eat \u00e0 m&rsquo;ob\u00e9ir au doigt et \u00e0 l&rsquo;oeil et tiens le plus longtemps possible devant mes tongs et mes pieds merveilleux.<\/p>\n<p>Vid\u00e9o : JOI &#8211; challenge &#8211; d\u00e9fi &#8211; instructions &#8211; masturbation &#8211; autorisation pour jouir &#8211; d\u00e9compte &#8211; faux d\u00e9compte &#8211; denial &#8211; tiens le plus longtemps possible &#8211; d\u00e9fi pieds &#8211; pieds nus &#8211; f\u00e9tichisme des pieds &#8211; f\u00e9tichiste &#8211; grands pieds &#8211; plante des pieds &#8211; orteils &#8211; pieds vernis &#8211; humiliation &#8211; femdom &#8211; femdom POV &#8211; domina &#8211; dominatrice &#8211; domination &#8211; domination f\u00e9minine &#8211; soumis &#8211; soumission &#8211; Bloody Marie &#8211; orgasme contr\u00f4le &#8211; chaussures &#8211; f\u00e9tichiste des chaussures &#8211; visage visible &#8211; visage apparent<\/p>","protected":false},"excerpt":{"rendered":"<p>L&rsquo;\u00e9t\u00e9, la saison o\u00f9 je ressors mes tongs et o\u00f9 toi tu deviens fou ! Tu pensais pouvoir me r\u00e9sister ? Voyons pas de mensonge entre nous. Je vais te montrer chaque d\u00e9tail, te les faire v\u00e9n\u00e9rer et &#8230; tenir. Pas question de jouir avant la fin m\u00eame si chaque seconde est un supplice. Prouve moi que tu es pr\u00eat \u00e0 m&rsquo;ob\u00e9ir au doigt et \u00e0 l&rsquo;oeil et tiens le plus longtemps possible devant mes tongs et mes pieds merveilleux.<\/p>","protected":false},"featured_media":3210,"template":"","meta":{"_kadence_starter_templates_imported_post":false,"_kad_post_transparent":"default","_kad_post_title":"","_kad_post_layout":"default","_kad_post_sidebar_id":"","_kad_post_content_style":"default","_kad_post_vertical_padding":"default","_kad_post_feature":"","_kad_post_feature_position":"","_kad_post_header":false,"_kad_post_footer":false,"_kad_post_classname":""},"product_brand":[],"product_cat":[17,42],"product_tag":[],"class_list":{"0":"post-3209","1":"product","2":"type-product","3":"status-publish","4":"has-post-thumbnail","6":"product_cat-videos-bdsm-fetichisme-en-francais","7":"product_cat-pieds","9":"first","10":"instock","11":"shipping-taxable","12":"product-type-external","13":"entry","14":"content-bg","15":"loop-entry"},"_links":{"self":[{"href":"https:\/\/mistressbloodymarie.com\/en\/wp-json\/wp\/v2\/product\/3209","targetHints":{"allow":["GET"]}}],"collection":[{"href":"https:\/\/mistressbloodymarie.com\/en\/wp-json\/wp\/v2\/product"}],"about":[{"href":"https:\/\/mistressbloodymarie.com\/en\/wp-json\/wp\/v2\/types\/product"}],"wp:featuredmedia":[{"embeddable":true,"href":"https:\/\/mistressbloodymarie.com\/en\/wp-json\/wp\/v2\/media\/3210"}],"wp:attachment":[{"href":"https:\/\/mistressbloodymarie.com\/en\/wp-json\/wp\/v2\/media?parent=3209"}],"wp:term":[{"taxonomy":"product_brand","embeddable":true,"href":"https:\/\/mistressbloodymarie.com\/en\/wp-json\/wp\/v2\/product_brand?post=3209"},{"taxonomy":"product_cat","embeddable":true,"href":"https:\/\/mistressbloodymarie.com\/en\/wp-json\/wp\/v2\/product_cat?post=3209"},{"taxonomy":"product_tag","embeddable":true,"href":"https:\/\/mistressbloodymarie.com\/en\/wp-json\/wp\/v2\/product_tag?post=3209"}],"curies":[{"name":"wp","href":"https:\/\/api.w.org\/{rel}","templated":true}]}}