{"id":3214,"date":"2025-10-06T20:14:54","date_gmt":"2025-10-06T18:14:54","guid":{"rendered":"https:\/\/mistressbloodymarie.com\/?post_type=product&#038;p=3214"},"modified":"2025-10-06T20:22:02","modified_gmt":"2025-10-06T18:22:02","slug":"les-vrais-mecs-durent-pas-toi","status":"publish","type":"product","link":"https:\/\/mistressbloodymarie.com\/en\/product\/les-vrais-mecs-durent-pas-toi\/","title":{"rendered":"Les vrais mecs durent, pas toi &#8211; Pr\u00e9coce humiliation"},"content":{"rendered":"<p>Tu le sais, il y a les vrais mecs, ceux qui durent et savent donner du plaisir aux femmes et &#8230; toi. Toi le pr\u00e9coce frustr\u00e9, l&rsquo;\u00e9jaculateur compulsif qui ne peut pas se retenir plus de trente secondes. Je sais \u00e0 quel point ce statut te p\u00e8se et c&rsquo;est pourquoi aujourd&rsquo;hui j&rsquo;ai d\u00e9cid\u00e9 de te laisser une chance : si tu r\u00e9ussis mon test et que tu arrives \u00e0 te retenir de jouir devant mes humiliations et mon d\u00e9compte alors peut \u00eatre que je saurai me montrer agr\u00e9able mais si jamais tu \u00e9choues alors je serai sans piti\u00e9. Alors, pr\u00eat \u00e0 mettre ta dignit\u00e9 en jeu ?<\/p>\n<p>Vid\u00e9o : JOI &#8211; instructions masturbation &#8211; instructions branlette &#8211; JOI challenge &#8211; d\u00e9fi JOI &#8211; pr\u00e9coce &#8211; pr\u00e9coce humiliation &#8211; d\u00e9fi pr\u00e9coce &#8211; humiliation &#8211; humiliation verbale &#8211; beta humiliation &#8211; alpha vs beta &#8211; soumis &#8211; soumission &#8211; domina &#8211; dominatrice &#8211; femdom &#8211; Bloody Marie &#8211; visage visible &#8211; visage apparent &#8211; brune &#8211; d\u00e9compte &#8211; cum countdown<\/p>","protected":false},"excerpt":{"rendered":"<p>Tu le sais, il y a les vrais mecs, ceux qui durent et savent donner du plaisir aux femmes et &#8230; toi. Toi le pr\u00e9coce frustr\u00e9, l&rsquo;\u00e9jaculateur compulsif qui ne peut pas se retenir plus de trente secondes. Je sais \u00e0 quel point ce statut te p\u00e8se et c&rsquo;est pourquoi aujourd&rsquo;hui j&rsquo;ai d\u00e9cid\u00e9 de te laisser une chance : si tu r\u00e9ussis mon test et que tu arrives \u00e0 te retenir de jouir devant mes humiliations et mon d\u00e9compte alors peut \u00eatre que je saurai me montrer agr\u00e9able mais si jamais tu \u00e9choues alors je serai sans piti\u00e9. Alors, pr\u00eat \u00e0 mettre ta dignit\u00e9 en jeu ?<\/p>","protected":false},"featured_media":3215,"template":"","meta":{"_kadence_starter_templates_imported_post":false,"_kad_post_transparent":"default","_kad_post_title":"","_kad_post_layout":"default","_kad_post_sidebar_id":"","_kad_post_content_style":"default","_kad_post_vertical_padding":"default","_kad_post_feature":"","_kad_post_feature_position":"","_kad_post_header":false,"_kad_post_footer":false,"_kad_post_classname":""},"product_brand":[],"product_cat":[17,64,42],"product_tag":[],"class_list":{"0":"post-3214","1":"product","2":"type-product","3":"status-publish","4":"has-post-thumbnail","6":"product_cat-videos-bdsm-fetichisme-en-francais","7":"product_cat-humiliation","8":"product_cat-pieds","10":"first","11":"instock","12":"shipping-taxable","13":"product-type-external","14":"entry","15":"content-bg","16":"loop-entry"},"_links":{"self":[{"href":"https:\/\/mistressbloodymarie.com\/en\/wp-json\/wp\/v2\/product\/3214","targetHints":{"allow":["GET"]}}],"collection":[{"href":"https:\/\/mistressbloodymarie.com\/en\/wp-json\/wp\/v2\/product"}],"about":[{"href":"https:\/\/mistressbloodymarie.com\/en\/wp-json\/wp\/v2\/types\/product"}],"wp:featuredmedia":[{"embeddable":true,"href":"https:\/\/mistressbloodymarie.com\/en\/wp-json\/wp\/v2\/media\/3215"}],"wp:attachment":[{"href":"https:\/\/mistressbloodymarie.com\/en\/wp-json\/wp\/v2\/media?parent=3214"}],"wp:term":[{"taxonomy":"product_brand","embeddable":true,"href":"https:\/\/mistressbloodymarie.com\/en\/wp-json\/wp\/v2\/product_brand?post=3214"},{"taxonomy":"product_cat","embeddable":true,"href":"https:\/\/mistressbloodymarie.com\/en\/wp-json\/wp\/v2\/product_cat?post=3214"},{"taxonomy":"product_tag","embeddable":true,"href":"https:\/\/mistressbloodymarie.com\/en\/wp-json\/wp\/v2\/product_tag?post=3214"}],"curies":[{"name":"wp","href":"https:\/\/api.w.org\/{rel}","templated":true}]}}