{"id":3220,"date":"2025-10-06T20:25:35","date_gmt":"2025-10-06T18:25:35","guid":{"rendered":"https:\/\/mistressbloodymarie.com\/?post_type=product&#038;p=3220"},"modified":"2025-10-21T18:35:19","modified_gmt":"2025-10-21T16:35:19","slug":"tu-es-ne-pour-etre-en-cage","status":"publish","type":"product","link":"https:\/\/mistressbloodymarie.com\/en\/product\/tu-es-ne-pour-etre-en-cage\/","title":{"rendered":"Tu es n\u00e9 pour \u00eatre en cage &#8211; punition chastet\u00e9 permanente"},"content":{"rendered":"<p>Tu pensais pouvoir garder le contr\u00f4le ? Oublie. Aujourd&rsquo;hui je prends tes cl\u00e9s, je ferme ton cadenas et tu comprends que ta virilit\u00e9 ne t&rsquo;appartient plus. A partir de maintenant ta vie c&rsquo;est la cage et ton seul r\u00f4le c&rsquo;est de souffrir pour moi. Fini la branlette, dis bonjour au orgasmes ruin\u00e9s et \u00e0 la fin de ta libert\u00e9 pour toujours.<\/p>\n<p>Vid\u00e9o : chastet\u00e9 &#8211; cage de chastet\u00e9 &#8211; keyholder &#8211; mise en cage &#8211; humiliation &#8211; humiliation verbale &#8211; beta &#8211; beta humiliation &#8211; chastet\u00e9 masculine &#8211; tease and denial &#8211; d\u00e9ni d&rsquo;orgasme &#8211; interdiction branlette &#8211; femdom &#8211; domina &#8211; domination f\u00e9minine &#8211; dominatrice &#8211; soumis &#8211; soumission &#8211; esclave &#8211; contr\u00f4le mental &#8211; visage apparent &#8211; visage visible &#8211; Bloody Marie &#8211; sissy<\/p>","protected":false},"excerpt":{"rendered":"<p>Tu pensais pouvoir garder le contr\u00f4le ? Oublie. Aujourd&rsquo;hui je prends tes cl\u00e9s, je ferme ton cadenas et tu comprends que ta virilit\u00e9 ne t&rsquo;appartient plus. A partir de maintenant ta vie c&rsquo;est la cage et ton seul r\u00f4le c&rsquo;est de souffrir pour moi. Fini la branlette, dis bonjour au orgasmes ruin\u00e9s et \u00e0 la fin de ta libert\u00e9 pour toujours.<\/p>","protected":false},"featured_media":3221,"template":"","meta":{"_kadence_starter_templates_imported_post":false,"_kad_post_transparent":"default","_kad_post_title":"","_kad_post_layout":"default","_kad_post_sidebar_id":"","_kad_post_content_style":"default","_kad_post_vertical_padding":"default","_kad_post_feature":"","_kad_post_feature_position":"","_kad_post_header":false,"_kad_post_footer":false,"_kad_post_classname":""},"product_brand":[],"product_cat":[17,64,35],"product_tag":[],"class_list":{"0":"post-3220","1":"product","2":"type-product","3":"status-publish","4":"has-post-thumbnail","6":"product_cat-videos-bdsm-fetichisme-en-francais","7":"product_cat-humiliation","8":"product_cat-chastete","10":"first","11":"instock","12":"shipping-taxable","13":"product-type-external","14":"entry","15":"content-bg","16":"loop-entry"},"_links":{"self":[{"href":"https:\/\/mistressbloodymarie.com\/en\/wp-json\/wp\/v2\/product\/3220","targetHints":{"allow":["GET"]}}],"collection":[{"href":"https:\/\/mistressbloodymarie.com\/en\/wp-json\/wp\/v2\/product"}],"about":[{"href":"https:\/\/mistressbloodymarie.com\/en\/wp-json\/wp\/v2\/types\/product"}],"wp:featuredmedia":[{"embeddable":true,"href":"https:\/\/mistressbloodymarie.com\/en\/wp-json\/wp\/v2\/media\/3221"}],"wp:attachment":[{"href":"https:\/\/mistressbloodymarie.com\/en\/wp-json\/wp\/v2\/media?parent=3220"}],"wp:term":[{"taxonomy":"product_brand","embeddable":true,"href":"https:\/\/mistressbloodymarie.com\/en\/wp-json\/wp\/v2\/product_brand?post=3220"},{"taxonomy":"product_cat","embeddable":true,"href":"https:\/\/mistressbloodymarie.com\/en\/wp-json\/wp\/v2\/product_cat?post=3220"},{"taxonomy":"product_tag","embeddable":true,"href":"https:\/\/mistressbloodymarie.com\/en\/wp-json\/wp\/v2\/product_tag?post=3220"}],"curies":[{"name":"wp","href":"https:\/\/api.w.org\/{rel}","templated":true}]}}