{"id":3225,"date":"2025-10-21T18:35:34","date_gmt":"2025-10-21T16:35:34","guid":{"rendered":"https:\/\/mistressbloodymarie.com\/?post_type=product&#038;p=3225"},"modified":"2025-10-21T18:39:37","modified_gmt":"2025-10-21T16:39:37","slug":"quel-point-la-cage-tas-rendu-beta","status":"publish","type":"product","link":"https:\/\/mistressbloodymarie.com\/en\/product\/quel-point-la-cage-tas-rendu-beta\/","title":{"rendered":"A quel point la cage t&rsquo;as rendu beta ? Chastet\u00e9 &#8211; Beta humiliation"},"content":{"rendered":"<p>A quel point la cage a effac\u00e9 tout ce qu&rsquo;il y avait d&rsquo;homme en toi ? Pour le d\u00e9couvrir j&rsquo;ai d\u00e9cid\u00e9 de te proposer un test : trois paliers de soumission \u00e0 passer qui d\u00e9termineront tout ce qui a \u00e9t\u00e9 \u00e9cras\u00e9 par les barreaux de ta cage. Es-tu pr\u00eat \u00e0 vivre une vraie humiliation ?<br \/>\nVid\u00e9o : chastet\u00e9 &#8211; locktober &#8211; keyholder &#8211; cage de chastet\u00e9 &#8211; humiliation &#8211; beta humiliation &#8211; test &#8211; loser &#8211; humiliation verbale &#8211; challenge domina &#8211; dominatrice &#8211; femdom &#8211; soumis &#8211; soumission &#8211; beta &#8211; esclave &#8211; Bloody Marie &#8211; visage visible &#8211; visage apparent<\/p>","protected":false},"excerpt":{"rendered":"<p>A quel point la cage a effac\u00e9 tout ce qu&rsquo;il y avait d&rsquo;homme en toi ? Pour le d\u00e9couvrir j&rsquo;ai d\u00e9cid\u00e9 de te proposer un test : trois paliers de soumission \u00e0 passer qui d\u00e9termineront tout ce qui a \u00e9t\u00e9 \u00e9cras\u00e9 par les barreaux de ta cage. Es-tu pr\u00eat \u00e0 vivre une vraie humiliation ?<\/p>","protected":false},"featured_media":3226,"template":"","meta":{"_kadence_starter_templates_imported_post":false,"_kad_post_transparent":"default","_kad_post_title":"","_kad_post_layout":"default","_kad_post_sidebar_id":"","_kad_post_content_style":"default","_kad_post_vertical_padding":"default","_kad_post_feature":"","_kad_post_feature_position":"","_kad_post_header":false,"_kad_post_footer":false,"_kad_post_classname":""},"product_brand":[],"product_cat":[17,64,35],"product_tag":[],"class_list":{"0":"post-3225","1":"product","2":"type-product","3":"status-publish","4":"has-post-thumbnail","6":"product_cat-videos-bdsm-fetichisme-en-francais","7":"product_cat-humiliation","8":"product_cat-chastete","10":"first","11":"instock","12":"shipping-taxable","13":"product-type-external","14":"entry","15":"content-bg","16":"loop-entry"},"_links":{"self":[{"href":"https:\/\/mistressbloodymarie.com\/en\/wp-json\/wp\/v2\/product\/3225","targetHints":{"allow":["GET"]}}],"collection":[{"href":"https:\/\/mistressbloodymarie.com\/en\/wp-json\/wp\/v2\/product"}],"about":[{"href":"https:\/\/mistressbloodymarie.com\/en\/wp-json\/wp\/v2\/types\/product"}],"wp:featuredmedia":[{"embeddable":true,"href":"https:\/\/mistressbloodymarie.com\/en\/wp-json\/wp\/v2\/media\/3226"}],"wp:attachment":[{"href":"https:\/\/mistressbloodymarie.com\/en\/wp-json\/wp\/v2\/media?parent=3225"}],"wp:term":[{"taxonomy":"product_brand","embeddable":true,"href":"https:\/\/mistressbloodymarie.com\/en\/wp-json\/wp\/v2\/product_brand?post=3225"},{"taxonomy":"product_cat","embeddable":true,"href":"https:\/\/mistressbloodymarie.com\/en\/wp-json\/wp\/v2\/product_cat?post=3225"},{"taxonomy":"product_tag","embeddable":true,"href":"https:\/\/mistressbloodymarie.com\/en\/wp-json\/wp\/v2\/product_tag?post=3225"}],"curies":[{"name":"wp","href":"https:\/\/api.w.org\/{rel}","templated":true}]}}