{"id":3257,"date":"2025-12-09T14:45:38","date_gmt":"2025-12-09T13:45:38","guid":{"rendered":"https:\/\/mistressbloodymarie.com\/?post_type=product&#038;p=3257"},"modified":"2025-12-09T14:50:03","modified_gmt":"2025-12-09T13:50:03","slug":"seuls-les-losers-cliquent-findom","status":"publish","type":"product","link":"https:\/\/mistressbloodymarie.com\/en\/product\/seuls-les-losers-cliquent-findom\/","title":{"rendered":"Seuls les losers cliquent &#8211; Findom &#8211; Humiliation verbale"},"content":{"rendered":"<p>Tu as cliqu\u00e9, tu es un loser et tu le sais. Dans la vraie vie tu ne vaux rien sans ton argent. Arr\u00eate de te mentir en te cherchant une personnalit\u00e9 ou du charisme. Ta seule raison d&rsquo;\u00eatre ici, c&rsquo;est de payer pour mon attention. Ce qui te pla\u00eet, c&rsquo;est l&rsquo;humiliation, perdre le contr\u00f4le et \u00e7a tombe bien je suis la reine de ce petit jeu. \u00c0 genoux, au travail. \u00c0 chaque claquement de doigts, tu envoies une offrande. Cesse de renier ta vraie nature et passe \u00e0 la caisse. Tu m\u00e9rites ce qui t&rsquo;arrive.<\/p>\n<p>Vid\u00e9o : findom &#8211; domination financi\u00e8re &#8211; pigeon &#8211; moneyslave &#8211; moneymiss &#8211; finsub &#8211; human ATM &#8211; findomme &#8211; domina &#8211; dominatrice &#8211; femdom &#8211; maitresse &#8211; esclave &#8211; esclave financier &#8211; offrande &#8211; soumis &#8211; soumission &#8211; paypig &#8211; humiliation &#8211; humiliation verbale &#8211; hardcore humiliation &#8211; loser &#8211; beta &#8211; loser symbole<\/p>","protected":false},"excerpt":{"rendered":"<p>Tu as cliqu\u00e9, tu es un loser et tu le sais. Dans la vraie vie tu ne vaux rien sans ton argent. Arr\u00eate de te mentir en te cherchant une personnalit\u00e9 ou du charisme. Ta seule raison d&rsquo;\u00eatre ici, c&rsquo;est de payer pour mon attention. Ce qui te pla\u00eet, c&rsquo;est l&rsquo;humiliation, perdre le contr\u00f4le et \u00e7a tombe bien je suis la reine de ce petit jeu. \u00c0 genoux, au travail. \u00c0 chaque claquement de doigts, tu envoies une offrande. Cesse de renier ta vraie nature et passe \u00e0 la caisse. Tu m\u00e9rites ce qui t&rsquo;arrive.<\/p>","protected":false},"featured_media":3258,"template":"","meta":{"_kadence_starter_templates_imported_post":false,"_kad_post_transparent":"default","_kad_post_title":"","_kad_post_layout":"default","_kad_post_sidebar_id":"","_kad_post_content_style":"default","_kad_post_vertical_padding":"default","_kad_post_feature":"","_kad_post_feature_position":"","_kad_post_header":false,"_kad_post_footer":false,"_kad_post_classname":""},"product_brand":[],"product_cat":[17,64,34],"product_tag":[],"class_list":{"0":"post-3257","1":"product","2":"type-product","3":"status-publish","4":"has-post-thumbnail","6":"product_cat-videos-bdsm-fetichisme-en-francais","7":"product_cat-humiliation","8":"product_cat-findom","10":"first","11":"instock","12":"shipping-taxable","13":"product-type-external","14":"entry","15":"content-bg","16":"loop-entry"},"_links":{"self":[{"href":"https:\/\/mistressbloodymarie.com\/en\/wp-json\/wp\/v2\/product\/3257","targetHints":{"allow":["GET"]}}],"collection":[{"href":"https:\/\/mistressbloodymarie.com\/en\/wp-json\/wp\/v2\/product"}],"about":[{"href":"https:\/\/mistressbloodymarie.com\/en\/wp-json\/wp\/v2\/types\/product"}],"wp:featuredmedia":[{"embeddable":true,"href":"https:\/\/mistressbloodymarie.com\/en\/wp-json\/wp\/v2\/media\/3258"}],"wp:attachment":[{"href":"https:\/\/mistressbloodymarie.com\/en\/wp-json\/wp\/v2\/media?parent=3257"}],"wp:term":[{"taxonomy":"product_brand","embeddable":true,"href":"https:\/\/mistressbloodymarie.com\/en\/wp-json\/wp\/v2\/product_brand?post=3257"},{"taxonomy":"product_cat","embeddable":true,"href":"https:\/\/mistressbloodymarie.com\/en\/wp-json\/wp\/v2\/product_cat?post=3257"},{"taxonomy":"product_tag","embeddable":true,"href":"https:\/\/mistressbloodymarie.com\/en\/wp-json\/wp\/v2\/product_tag?post=3257"}],"curies":[{"name":"wp","href":"https:\/\/api.w.org\/{rel}","templated":true}]}}