{"id":3262,"date":"2025-12-10T17:55:23","date_gmt":"2025-12-10T16:55:23","guid":{"rendered":"https:\/\/mistressbloodymarie.com\/?post_type=product&#038;p=3262"},"modified":"2025-12-10T17:58:31","modified_gmt":"2025-12-10T16:58:31","slug":"30-secondes-pour-tebriser-precoce","status":"publish","type":"product","link":"https:\/\/mistressbloodymarie.com\/en\/product\/30-secondes-pour-tebriser-precoce\/","title":{"rendered":"30 secondes pour te briser : le d\u00e9fi du pr\u00e9coce &#8211; JOI &#8211; Humiliation &#8211; Challenge"},"content":{"rendered":"<p>C&rsquo;est simple : en seulement 30 secondes, tu vas me prouver que tu es un loser pr\u00e9coce. Tu es l\u00e0 pour l&rsquo;humiliation pure, pas de blabla, pas de mise en sc\u00e8ne juste toi face \u00e0 moi qui va craquer lamentablement. Le d\u00e9fi est lanc\u00e9.<\/p>\n<p>Vid\u00e9o\u00a0: pr\u00e9coce \u2013 pr\u00e9coce humiliation \u2013 d\u00e9fi pr\u00e9coce \u2013 challenge \u2013 JOI \u2013 JOI challenge \u2013 humiliation \u2013 humiliation verbale \u2013 soumis \u2013 beta \u2013 soumission \u2013 femdom \u2013 domination \u2013 domination f\u00e9minine \u2013 domina \u2013 dominatrice \u2013 Bloody Marie \u2013 visage visible \u2013 visage apparent \u2013 garce \u2013 jambes longues<\/p>","protected":false},"excerpt":{"rendered":"<p>C&rsquo;est simple : en seulement 30 secondes, tu vas me prouver que tu es un loser pr\u00e9coce. Tu es l\u00e0 pour l&rsquo;humiliation pure, pas de blabla, pas de mise en sc\u00e8ne juste toi face \u00e0 moi qui va craquer lamentablement. Le d\u00e9fi est lanc\u00e9.<\/p>","protected":false},"featured_media":3263,"template":"","meta":{"_kadence_starter_templates_imported_post":false,"_kad_post_transparent":"default","_kad_post_title":"","_kad_post_layout":"default","_kad_post_sidebar_id":"","_kad_post_content_style":"default","_kad_post_vertical_padding":"default","_kad_post_feature":"","_kad_post_feature_position":"","_kad_post_header":false,"_kad_post_footer":false,"_kad_post_classname":""},"product_brand":[],"product_cat":[17,64],"product_tag":[],"class_list":{"0":"post-3262","1":"product","2":"type-product","3":"status-publish","4":"has-post-thumbnail","6":"product_cat-videos-bdsm-fetichisme-en-francais","7":"product_cat-humiliation","9":"first","10":"instock","11":"shipping-taxable","12":"product-type-external","13":"entry","14":"content-bg","15":"loop-entry"},"_links":{"self":[{"href":"https:\/\/mistressbloodymarie.com\/en\/wp-json\/wp\/v2\/product\/3262","targetHints":{"allow":["GET"]}}],"collection":[{"href":"https:\/\/mistressbloodymarie.com\/en\/wp-json\/wp\/v2\/product"}],"about":[{"href":"https:\/\/mistressbloodymarie.com\/en\/wp-json\/wp\/v2\/types\/product"}],"wp:featuredmedia":[{"embeddable":true,"href":"https:\/\/mistressbloodymarie.com\/en\/wp-json\/wp\/v2\/media\/3263"}],"wp:attachment":[{"href":"https:\/\/mistressbloodymarie.com\/en\/wp-json\/wp\/v2\/media?parent=3262"}],"wp:term":[{"taxonomy":"product_brand","embeddable":true,"href":"https:\/\/mistressbloodymarie.com\/en\/wp-json\/wp\/v2\/product_brand?post=3262"},{"taxonomy":"product_cat","embeddable":true,"href":"https:\/\/mistressbloodymarie.com\/en\/wp-json\/wp\/v2\/product_cat?post=3262"},{"taxonomy":"product_tag","embeddable":true,"href":"https:\/\/mistressbloodymarie.com\/en\/wp-json\/wp\/v2\/product_tag?post=3262"}],"curies":[{"name":"wp","href":"https:\/\/api.w.org\/{rel}","templated":true}]}}