{"id":3267,"date":"2026-01-11T00:08:08","date_gmt":"2026-01-10T23:08:08","guid":{"rendered":"https:\/\/mistressbloodymarie.com\/?post_type=product&#038;p=3267"},"modified":"2026-01-11T00:15:35","modified_gmt":"2026-01-10T23:15:35","slug":"es-tu-un-vrai-fetichiste-des-pieds","status":"publish","type":"product","link":"https:\/\/mistressbloodymarie.com\/en\/product\/es-tu-un-vrai-fetichiste-des-pieds\/","title":{"rendered":"Es-tu un vrai f\u00e9tichiste des pieds &#8211; Viens passer le test"},"content":{"rendered":"<p>Beaucoup d&rsquo;hommes se disent f\u00e9tichistes des pieds, pr\u00eats \u00e0 tout pour mes jolis orteils et mes plantes de pieds roses mais ont malgr\u00e9 tout besoin d&rsquo;encouragements, de mots crus ou de gestes pour les guider. Moi je parie que tu n&rsquo;en as pas besoin. Aujourd&rsquo;hui j&rsquo;ai d\u00e9cid\u00e9 de supprimer tout le superflu, pas de gentilles caresses, pas de d\u00e9compte, juste mes pieds nus, leur perfection et ton obsession. Si tu es vraiment celui que tu pr\u00e9tends \u00eatre, si tu es r\u00e9ellement fou de mes pieds d\u00e9licieux alors je te mets au d\u00e9fi de r\u00e9ussir ce challenge !<\/p>\n<p>Vid\u00e9o : f\u00e9tichiste &#8211; f\u00e9tichisme des pieds &#8211; plante des pieds &#8211; orteils &#8211; soles &#8211; pieds froiss\u00e9s -pieds crois\u00e9s &#8211; grands pieds &#8211; vernis blanc &#8211; challenge &#8211; d\u00e9fi &#8211; test &#8211; test de soumission &#8211; soumis &#8211; esclave &#8211; beta &#8211; femdom &#8211; domina &#8211; dominatrice &#8211; domination f\u00e9minine &#8211; Bloody Marie &#8211; teasing &#8211; teasing pieds &#8211; foot fetish &#8211; feet fetish<\/p>","protected":false},"excerpt":{"rendered":"<p>Beaucoup d&rsquo;hommes se disent f\u00e9tichistes des pieds, pr\u00eats \u00e0 tout pour mes jolis orteils et mes plantes de pieds roses mais ont malgr\u00e9 tout besoin d&rsquo;encouragements, de mots crus ou de gestes pour les guider. Moi je parie que tu n&rsquo;en as pas besoin. Aujourd&rsquo;hui j&rsquo;ai d\u00e9cid\u00e9 de supprimer tout le superflu, pas de gentilles caresses, pas de d\u00e9compte, juste mes pieds nus, leur perfection et ton obsession. Si tu es vraiment celui que tu pr\u00e9tends \u00eatre, si tu es r\u00e9ellement fou de mes pieds d\u00e9licieux alors je te mets au d\u00e9fi de r\u00e9ussir ce challenge !<\/p>","protected":false},"featured_media":3268,"template":"","meta":{"_kadence_starter_templates_imported_post":false,"_kad_post_transparent":"default","_kad_post_title":"","_kad_post_layout":"default","_kad_post_sidebar_id":"","_kad_post_content_style":"default","_kad_post_vertical_padding":"default","_kad_post_feature":"","_kad_post_feature_position":"","_kad_post_header":false,"_kad_post_footer":false,"_kad_post_classname":""},"product_brand":[],"product_cat":[17,37,42],"product_tag":[],"class_list":{"0":"post-3267","1":"product","2":"type-product","3":"status-publish","4":"has-post-thumbnail","6":"product_cat-videos-bdsm-fetichisme-en-francais","7":"product_cat-veneration","8":"product_cat-pieds","10":"first","11":"instock","12":"shipping-taxable","13":"product-type-external","14":"entry","15":"content-bg","16":"loop-entry"},"_links":{"self":[{"href":"https:\/\/mistressbloodymarie.com\/en\/wp-json\/wp\/v2\/product\/3267","targetHints":{"allow":["GET"]}}],"collection":[{"href":"https:\/\/mistressbloodymarie.com\/en\/wp-json\/wp\/v2\/product"}],"about":[{"href":"https:\/\/mistressbloodymarie.com\/en\/wp-json\/wp\/v2\/types\/product"}],"wp:featuredmedia":[{"embeddable":true,"href":"https:\/\/mistressbloodymarie.com\/en\/wp-json\/wp\/v2\/media\/3268"}],"wp:attachment":[{"href":"https:\/\/mistressbloodymarie.com\/en\/wp-json\/wp\/v2\/media?parent=3267"}],"wp:term":[{"taxonomy":"product_brand","embeddable":true,"href":"https:\/\/mistressbloodymarie.com\/en\/wp-json\/wp\/v2\/product_brand?post=3267"},{"taxonomy":"product_cat","embeddable":true,"href":"https:\/\/mistressbloodymarie.com\/en\/wp-json\/wp\/v2\/product_cat?post=3267"},{"taxonomy":"product_tag","embeddable":true,"href":"https:\/\/mistressbloodymarie.com\/en\/wp-json\/wp\/v2\/product_tag?post=3267"}],"curies":[{"name":"wp","href":"https:\/\/api.w.org\/{rel}","templated":true}]}}