{"id":3278,"date":"2026-01-13T15:21:35","date_gmt":"2026-01-13T14:21:35","guid":{"rendered":"https:\/\/mistressbloodymarie.com\/?post_type=product&#038;p=3278"},"modified":"2026-01-13T15:36:59","modified_gmt":"2026-01-13T14:36:59","slug":"tu-ne-jouiras-plus-jamais-chastete","status":"publish","type":"product","link":"https:\/\/mistressbloodymarie.com\/en\/product\/tu-ne-jouiras-plus-jamais-chastete\/","title":{"rendered":"Pourquoi tu ne jouiras plus jamais &#8211; Je te mets en cage de chastet\u00e9"},"content":{"rendered":"<p>Le choix est simple, pour toi ce sera la cage ou rien. Pour moi les mecs normaux ne valent rien, je veux de vrais adorateurs pr\u00eats \u00e0 renoncer \u00e0 tout pour mes beaux yeux. Tu sais au fond de toi que tu ne m\u00e9rites pas le sexe. Fini de faire semblant. Si tu veux mon attention il n\u2019y a qu&rsquo;une seule solution : \u00eatre verrouill\u00e9 et priv\u00e9 de chatte. Succombe et renonce.<\/p>\n<p>Vid\u00e9o : chastet\u00e9 &#8211; cage de chastet\u00e9 &#8211; keyholder &#8211; humiliation &#8211; beta humiliation &#8211; sissy &#8211; humiliation verbale &#8211; pussy denial &#8211; d\u00e9ni &#8211; denial &#8211; contr\u00f4le d&rsquo;orgasme &#8211; instructions &#8211; ordres &#8211; mantras &#8211; chastet\u00e9 s\u00e9duction &#8211; encouragement chastet\u00e9 &#8211; soumis &#8211; soumission &#8211; beta &#8211; esclave &#8211; d\u00e9ni d&rsquo;orgasme &#8211; tease and denial &#8211; Bloody Marie &#8211; domination &#8211; domina &#8211; dominatrice &#8211; sadique &#8211; femdom<\/p>","protected":false},"excerpt":{"rendered":"<p>Le choix est simple, pour toi ce sera la cage ou rien. Pour moi les mecs normaux ne valent rien, je veux de vrais adorateurs pr\u00eats \u00e0 renoncer \u00e0 tout pour mes beaux yeux. Tu sais au fond de toi que tu ne m\u00e9rites pas le sexe. Fini de faire semblant. Si tu veux mon attention il n\u2019y a qu&rsquo;une seule solution : \u00eatre verrouill\u00e9 et priv\u00e9 de chatte. Succombe et renonce.<\/p>","protected":false},"featured_media":3279,"template":"","meta":{"_kadence_starter_templates_imported_post":false,"_kad_post_transparent":"default","_kad_post_title":"","_kad_post_layout":"default","_kad_post_sidebar_id":"","_kad_post_content_style":"default","_kad_post_vertical_padding":"default","_kad_post_feature":"","_kad_post_feature_position":"","_kad_post_header":false,"_kad_post_footer":false,"_kad_post_classname":""},"product_brand":[],"product_cat":[17,64,35],"product_tag":[],"class_list":{"0":"post-3278","1":"product","2":"type-product","3":"status-publish","4":"has-post-thumbnail","6":"product_cat-videos-bdsm-fetichisme-en-francais","7":"product_cat-humiliation","8":"product_cat-chastete","10":"first","11":"instock","12":"shipping-taxable","13":"product-type-external","14":"entry","15":"content-bg","16":"loop-entry"},"_links":{"self":[{"href":"https:\/\/mistressbloodymarie.com\/en\/wp-json\/wp\/v2\/product\/3278","targetHints":{"allow":["GET"]}}],"collection":[{"href":"https:\/\/mistressbloodymarie.com\/en\/wp-json\/wp\/v2\/product"}],"about":[{"href":"https:\/\/mistressbloodymarie.com\/en\/wp-json\/wp\/v2\/types\/product"}],"wp:featuredmedia":[{"embeddable":true,"href":"https:\/\/mistressbloodymarie.com\/en\/wp-json\/wp\/v2\/media\/3279"}],"wp:attachment":[{"href":"https:\/\/mistressbloodymarie.com\/en\/wp-json\/wp\/v2\/media?parent=3278"}],"wp:term":[{"taxonomy":"product_brand","embeddable":true,"href":"https:\/\/mistressbloodymarie.com\/en\/wp-json\/wp\/v2\/product_brand?post=3278"},{"taxonomy":"product_cat","embeddable":true,"href":"https:\/\/mistressbloodymarie.com\/en\/wp-json\/wp\/v2\/product_cat?post=3278"},{"taxonomy":"product_tag","embeddable":true,"href":"https:\/\/mistressbloodymarie.com\/en\/wp-json\/wp\/v2\/product_tag?post=3278"}],"curies":[{"name":"wp","href":"https:\/\/api.w.org\/{rel}","templated":true}]}}