{"id":3300,"date":"2026-01-26T18:14:51","date_gmt":"2026-01-26T17:14:51","guid":{"rendered":"https:\/\/mistressbloodymarie.com\/?post_type=product&#038;p=3300"},"modified":"2026-01-26T18:21:10","modified_gmt":"2026-01-26T17:21:10","slug":"pute-a-mes-pieds-chassures-sales","status":"publish","type":"product","link":"https:\/\/mistressbloodymarie.com\/en\/product\/pute-a-mes-pieds-chassures-sales\/","title":{"rendered":"Tu n&rsquo;es qu&rsquo;une pute \u00e0 mes pieds : nettoyage de semelles sales intense"},"content":{"rendered":"<p>Tu sais exactement ce que tu es n&rsquo;est-ce pas ? Une pute \u00e0 crasse n\u00e9e pour ramper devant moi. Dans cette vid\u00e9o je ne vais pas t&rsquo;\u00e9pargner : tu vas enfin \u00eatre trait\u00e9 comme le larbin que tu m\u00e9rites d&rsquo;\u00eatre.Regarde mes chaussures&#8230; j&rsquo;ai march\u00e9 avec tout l&rsquo;\u00e9t\u00e9 et les semelles sont absolument d\u00e9gueulasses. Ton seul but aujourd&rsquo;hui va \u00eatre de les r\u00e9curer de haut en bas avec ta langue jusqu&rsquo;\u00e0 ce qu&rsquo;elle devienne noire de salet\u00e9. Tu vas devoir sucer chaque millim\u00e8tre de mon talon et ne surtout pas en laisser une miette. Et parce que je sais que tu es un d\u00e9bile d\u00e9pendant, tu auras droit \u00e0 ta r\u00e9compense : mes crachats directement dans ta gueule ouverte.<\/p>\n<p>Vid\u00e9o\u00a0: semelles \u2013 soles \u2013 chaussures \u2013 talons \u2013 nettoyer \u2013 nettoyeur \u2013 sales \u2013 semelles sales \u2013 odeurs \u2013 sueur \u2013 f\u00e9tichiste des chaussures \u2013 f\u00e9tichisme des pieds \u2013 crachats \u2013 salive \u2013 humiliation \u2013 humiliation verbale \u2013 larbinage \u2013 esclave \u2013 soumis \u2013 soumission \u2013 insultes \u2013 sucer \u2013 Bloody Marie \u2013 domina \u2013 dominatrice \u2013 femdom \u2013 hardcore humiliation \u2013 entra\u00eenement esclave<\/p>","protected":false},"excerpt":{"rendered":"<p>Tu sais exactement ce que tu es n&rsquo;est-ce pas ? Une pute \u00e0 crasse n\u00e9e pour ramper devant moi. Dans cette vid\u00e9o je ne vais pas t&rsquo;\u00e9pargner : tu vas enfin \u00eatre trait\u00e9 comme le larbin que tu m\u00e9rites d&rsquo;\u00eatre.Regarde mes chaussures&#8230; j&rsquo;ai march\u00e9 avec tout l&rsquo;\u00e9t\u00e9 et les semelles sont absolument d\u00e9gueulasses. Ton seul but aujourd&rsquo;hui va \u00eatre de les r\u00e9curer de haut en bas avec ta langue jusqu&rsquo;\u00e0 ce qu&rsquo;elle devienne noire de salet\u00e9. Tu vas devoir sucer chaque millim\u00e8tre de mon talon et ne surtout pas en laisser une miette. Et parce que je sais que tu es un d\u00e9bile d\u00e9pendant, tu auras droit \u00e0 ta r\u00e9compense : mes crachats directement dans ta gueule ouverte.<\/p>","protected":false},"featured_media":3301,"template":"","meta":{"_kadence_starter_templates_imported_post":false,"_kad_post_transparent":"default","_kad_post_title":"","_kad_post_layout":"default","_kad_post_sidebar_id":"","_kad_post_content_style":"default","_kad_post_vertical_padding":"default","_kad_post_feature":"","_kad_post_feature_position":"","_kad_post_header":false,"_kad_post_footer":false,"_kad_post_classname":""},"product_brand":[],"product_cat":[17,64,37,44],"product_tag":[],"class_list":{"0":"post-3300","1":"product","2":"type-product","3":"status-publish","4":"has-post-thumbnail","6":"product_cat-videos-bdsm-fetichisme-en-francais","7":"product_cat-humiliation","8":"product_cat-veneration","9":"product_cat-chaussures","11":"first","12":"instock","13":"shipping-taxable","14":"product-type-external","15":"entry","16":"content-bg","17":"loop-entry"},"_links":{"self":[{"href":"https:\/\/mistressbloodymarie.com\/en\/wp-json\/wp\/v2\/product\/3300","targetHints":{"allow":["GET"]}}],"collection":[{"href":"https:\/\/mistressbloodymarie.com\/en\/wp-json\/wp\/v2\/product"}],"about":[{"href":"https:\/\/mistressbloodymarie.com\/en\/wp-json\/wp\/v2\/types\/product"}],"wp:featuredmedia":[{"embeddable":true,"href":"https:\/\/mistressbloodymarie.com\/en\/wp-json\/wp\/v2\/media\/3301"}],"wp:attachment":[{"href":"https:\/\/mistressbloodymarie.com\/en\/wp-json\/wp\/v2\/media?parent=3300"}],"wp:term":[{"taxonomy":"product_brand","embeddable":true,"href":"https:\/\/mistressbloodymarie.com\/en\/wp-json\/wp\/v2\/product_brand?post=3300"},{"taxonomy":"product_cat","embeddable":true,"href":"https:\/\/mistressbloodymarie.com\/en\/wp-json\/wp\/v2\/product_cat?post=3300"},{"taxonomy":"product_tag","embeddable":true,"href":"https:\/\/mistressbloodymarie.com\/en\/wp-json\/wp\/v2\/product_tag?post=3300"}],"curies":[{"name":"wp","href":"https:\/\/api.w.org\/{rel}","templated":true}]}}