{"id":3323,"date":"2026-02-08T18:54:08","date_gmt":"2026-02-08T17:54:08","guid":{"rendered":"https:\/\/mistressbloodymarie.com\/?post_type=product&#038;p=3323"},"modified":"2026-02-08T19:00:09","modified_gmt":"2026-02-08T18:00:09","slug":"mefie-toi-des-inconnus-odeurs","status":"publish","type":"product","link":"https:\/\/mistressbloodymarie.com\/en\/product\/mefie-toi-des-inconnus-odeurs\/","title":{"rendered":"M\u00e9fie toi des innconnus : une le\u00e7on de bas puants &#8211; Odeurs &#8211; F\u00e9tichisme chaussures &#8211; Humilaition"},"content":{"rendered":"<p>Tu pensais vraiment qu\u2019apr\u00e8s cette soir\u00e9e en bo\u00eete tu allais avoir droit \u00e0 du sexe ? Tu as mal compris, si je t\u2019ai ramen\u00e9 chez moi c\u2019est pour faire ce que JE veux de toi\u00a0. Ligot\u00e9 et totalement \u00e0 ma merci sur mon lit, je vais t\u2019apprendre une le\u00e7on que tu n&rsquo;oublieras jamais\u00a0: je vais te ba\u00eellonner avec mes bas en nylon puants et te faire respirer l\u2019odeur de mes chaussures pleines de sueur port\u00e9es toute la nuit. Tu vas devoir renifler encore et encore mes odeurs jusqu\u2019\u00e0 compl\u00e8tement perdre la t\u00eate. Tu rentreras chez toi en ayant appris une le\u00e7on essentielle\u00a0: il ne faut jamais faire confiance aux inconnuEs.<\/p>\n<p>Vid\u00e9o\u00a0: bas \u2013 bas nylon \u2013 bas chair \u2013 couleur chair \u2013 bas transparents \u2013 odeurs \u2013 puants \u2013 pieds \u2013 f\u00e9tichisme des pieds \u2013 pieds qui puent \u2013 renifler \u2013 renifleur \u2013 chaussures \u2013 talons hauts \u2013 escarpins \u2013 sale \u2013 pieds sales \u2013 chaussures sales \u2013 f\u00e9tichisme des chaussures \u2013 humiliation \u2013 humiliation verbale \u2013 r\u00f4le play \u2013 kidnapping fantasme \u2013 POV \u2013 femdom \u2013 garce \u2013 pi\u00e8ge \u2013 manipulation \u2013 ba\u00eellon \u2013 attach\u00e9 \u2013 domina \u2013 dominatrice \u2013 soumis \u2013 soumission \u2013 beta \u2013 sueur \u2013 Bloody Marie \u2013 odeurs de pieds \u2013 gagging nylon \u2013 loser<\/p>","protected":false},"excerpt":{"rendered":"<p>Tu pensais vraiment qu\u2019apr\u00e8s cette soir\u00e9e en bo\u00eete tu allais avoir droit \u00e0 du sexe ? Tu as mal compris, si je t\u2019ai ramen\u00e9 chez moi c\u2019est pour faire ce que JE veux de toi\u00a0. Ligot\u00e9 et totalement \u00e0 ma merci sur mon lit, je vais t\u2019apprendre une le\u00e7on que tu n&rsquo;oublieras jamais\u00a0: je vais te ba\u00eellonner avec mes bas en nylon puants et te faire respirer l\u2019odeur de mes chaussures pleines de sueur port\u00e9es toute la nuit. Tu vas devoir renifler encore et encore mes odeurs jusqu\u2019\u00e0 compl\u00e8tement perdre la t\u00eate. Tu rentreras chez toi en ayant appris une le\u00e7on essentielle\u00a0: il ne faut jamais faire confiance aux inconnuEs.<\/p>","protected":false},"featured_media":3324,"template":"","meta":{"_kadence_starter_templates_imported_post":false,"_kad_post_transparent":"default","_kad_post_title":"","_kad_post_layout":"default","_kad_post_sidebar_id":"","_kad_post_content_style":"default","_kad_post_vertical_padding":"default","_kad_post_feature":"","_kad_post_feature_position":"","_kad_post_header":false,"_kad_post_footer":false,"_kad_post_classname":""},"product_brand":[],"product_cat":[17,64,44,46,42,36],"product_tag":[],"class_list":{"0":"post-3323","1":"product","2":"type-product","3":"status-publish","4":"has-post-thumbnail","6":"product_cat-videos-bdsm-fetichisme-en-francais","7":"product_cat-humiliation","8":"product_cat-chaussures","9":"product_cat-collants-chaussettes","10":"product_cat-pieds","11":"product_cat-jeux-de-role","13":"first","14":"instock","15":"shipping-taxable","16":"product-type-external","17":"entry","18":"content-bg","19":"loop-entry"},"_links":{"self":[{"href":"https:\/\/mistressbloodymarie.com\/en\/wp-json\/wp\/v2\/product\/3323","targetHints":{"allow":["GET"]}}],"collection":[{"href":"https:\/\/mistressbloodymarie.com\/en\/wp-json\/wp\/v2\/product"}],"about":[{"href":"https:\/\/mistressbloodymarie.com\/en\/wp-json\/wp\/v2\/types\/product"}],"wp:featuredmedia":[{"embeddable":true,"href":"https:\/\/mistressbloodymarie.com\/en\/wp-json\/wp\/v2\/media\/3324"}],"wp:attachment":[{"href":"https:\/\/mistressbloodymarie.com\/en\/wp-json\/wp\/v2\/media?parent=3323"}],"wp:term":[{"taxonomy":"product_brand","embeddable":true,"href":"https:\/\/mistressbloodymarie.com\/en\/wp-json\/wp\/v2\/product_brand?post=3323"},{"taxonomy":"product_cat","embeddable":true,"href":"https:\/\/mistressbloodymarie.com\/en\/wp-json\/wp\/v2\/product_cat?post=3323"},{"taxonomy":"product_tag","embeddable":true,"href":"https:\/\/mistressbloodymarie.com\/en\/wp-json\/wp\/v2\/product_tag?post=3323"}],"curies":[{"name":"wp","href":"https:\/\/api.w.org\/{rel}","templated":true}]}}