{"id":3335,"date":"2026-02-12T20:07:13","date_gmt":"2026-02-12T19:07:13","guid":{"rendered":"https:\/\/mistressbloodymarie.com\/?post_type=product&#038;p=3335"},"modified":"2026-02-12T20:15:08","modified_gmt":"2026-02-12T19:15:08","slug":"ton-cei-de-st-valentin-femdom","status":"publish","type":"product","link":"https:\/\/mistressbloodymarie.com\/en\/product\/ton-cei-de-st-valentin-femdom\/","title":{"rendered":"Ta copine te fait tout bouffer : ton CEI de Saint Valentin"},"content":{"rendered":"<p>Tu pensais passer une soir\u00e9e de Saint Valentin classique mais ta petite amie en a d\u00e9cid\u00e9 autrement. Elle va te prendre par surprise lors d\u2019un appel vid\u00e9o et te proposer de casser un peu la routine qui s\u2019est install\u00e9e entre vous\u00a0: tu vas devoir t\u2019arr\u00eater rapidement et dans le temps imparti bouffer ton sperme en direct pour elle. Le risque en vaut-il la peine\u00a0? D\u2019un c\u00f4t\u00e9 ce n\u2019est pas comme si tu avais d\u00e9j\u00e0 pu lui refuser quoi que ce soit et elle le sait tr\u00e8s bien \u2026<\/p>\n<p>Vid\u00e9o\u00a0: r\u00f4le play \u2013 girlfriend \u2013 girl next door \u2013 gfe \u2013 petite amie cruelle \u2013 mean girl \u2013 sadique \u2013 manipulatrice \u2013 humiliation \u2013 humiliation verbale \u2013 CEI \u2013 bouffer son sperme \u2013 bouffeur de sperme \u2013 CEI initiation \u2013 l\u00e9cher sperme \u2013 JOI \u2013 instructions \u2013 d\u00e9compte \u2013 cum countdown \u2013 30 secondes \u2013 Saint Valentin \u2013 femdom \u2013 domina \u2013 dominatrice \u2013 domination f\u00e9minine \u2013 Bloody Marie \u2013 soumis \u2013 soumission \u2013 beta \u2013 loser \u2013 sissy \u2013 face call \u2013 visage visible \u2013 visage apparent \u2013 brat \u2013 bratty girl \u2013 jeu \u2013 challenge \u2013 pr\u00e9coce<\/p>","protected":false},"excerpt":{"rendered":"<p>Tu pensais passer une soir\u00e9e de Saint Valentin classique mais ta petite amie en a d\u00e9cid\u00e9 autrement. Elle va te prendre par surprise lors d\u2019un appel vid\u00e9o et te proposer de casser un peu la routine qui s\u2019est install\u00e9e entre vous\u00a0: tu vas devoir t\u2019arr\u00eater rapidement et dans le temps imparti bouffer ton sperme en direct pour elle. Le risque en vaut-il la peine\u00a0? D\u2019un c\u00f4t\u00e9 ce n\u2019est pas comme si tu avais d\u00e9j\u00e0 pu lui refuser quoi que ce soit et elle le sait tr\u00e8s bien \u2026<\/p>","protected":false},"featured_media":3336,"template":"","meta":{"_kadence_starter_templates_imported_post":false,"_kad_post_transparent":"default","_kad_post_title":"","_kad_post_layout":"default","_kad_post_sidebar_id":"","_kad_post_content_style":"default","_kad_post_vertical_padding":"default","_kad_post_feature":"","_kad_post_feature_position":"","_kad_post_header":false,"_kad_post_footer":false,"_kad_post_classname":""},"product_brand":[],"product_cat":[17,66,64],"product_tag":[],"class_list":{"0":"post-3335","1":"product","2":"type-product","3":"status-publish","4":"has-post-thumbnail","6":"product_cat-videos-bdsm-fetichisme-en-francais","7":"product_cat-cei","8":"product_cat-humiliation","10":"first","11":"instock","12":"shipping-taxable","13":"product-type-external","14":"entry","15":"content-bg","16":"loop-entry"},"_links":{"self":[{"href":"https:\/\/mistressbloodymarie.com\/en\/wp-json\/wp\/v2\/product\/3335","targetHints":{"allow":["GET"]}}],"collection":[{"href":"https:\/\/mistressbloodymarie.com\/en\/wp-json\/wp\/v2\/product"}],"about":[{"href":"https:\/\/mistressbloodymarie.com\/en\/wp-json\/wp\/v2\/types\/product"}],"wp:featuredmedia":[{"embeddable":true,"href":"https:\/\/mistressbloodymarie.com\/en\/wp-json\/wp\/v2\/media\/3336"}],"wp:attachment":[{"href":"https:\/\/mistressbloodymarie.com\/en\/wp-json\/wp\/v2\/media?parent=3335"}],"wp:term":[{"taxonomy":"product_brand","embeddable":true,"href":"https:\/\/mistressbloodymarie.com\/en\/wp-json\/wp\/v2\/product_brand?post=3335"},{"taxonomy":"product_cat","embeddable":true,"href":"https:\/\/mistressbloodymarie.com\/en\/wp-json\/wp\/v2\/product_cat?post=3335"},{"taxonomy":"product_tag","embeddable":true,"href":"https:\/\/mistressbloodymarie.com\/en\/wp-json\/wp\/v2\/product_tag?post=3335"}],"curies":[{"name":"wp","href":"https:\/\/api.w.org\/{rel}","templated":true}]}}