{"id":3349,"date":"2026-03-01T18:48:45","date_gmt":"2026-03-01T17:48:45","guid":{"rendered":"https:\/\/mistressbloodymarie.com\/?post_type=product&#038;p=3349"},"modified":"2026-03-01T18:56:19","modified_gmt":"2026-03-01T17:56:19","slug":"10-secondes-precoce-challenge","status":"publish","type":"product","link":"https:\/\/mistressbloodymarie.com\/en\/product\/10-secondes-precoce-challenge\/","title":{"rendered":"10 secondes pour t&rsquo;abrutir : le nouveau d\u00e9fi du pr\u00e9coce"},"content":{"rendered":"<p>Tu pensais que trente secondes c\u2019\u00e9tait d\u00e9j\u00e0 trop court ? D\u00e9trompe-toi, on repart de bien plus bas. Ton cerveau est tellement abruti par mes vid\u00e9os que c&rsquo;est impossible de r\u00e9sister. Aujourd\u2019hui, je passe au niveau sup\u00e9rieur, plus besoin de nudit\u00e9, plus besoin de porno : ma voix et mon m\u00e9pris suffisent \u00e0 te briser. Je t\u2019ai r\u00e9serv\u00e9 un nouveau d\u00e9fi, une nouvelle limite : dix secondes. Dix secondes pour que ton cerveau fonde. Dix secondes pour jouir comme la merde que tu es devenue. Tu es pr\u00eat depuis que tu as cliqu\u00e9 alors viens d\u00e9couvrir ta nouvelle destin\u00e9e de pr\u00e9coce. 10 secondes pour t&rsquo;abrutir : le nouveau d\u00e9fi du pr\u00e9coce. Succomberas-tu plus vite que pr\u00e9vu ?<\/p>\n<p>* Cette vid\u00e9o est une vid\u00e9o personnalis\u00e9e, n\u2019h\u00e9site pas \u00e0 craquer pour la tienne<\/p>\n<p>Vid\u00e9o\u00a0: pr\u00e9coce \u2013 challenge \u2013 JOI \u2013 humiliation \u2013 beta safe \u2013 beta humiliation \u2013 pr\u00e9coce secondes \u2013 instructions pr\u00e9coce \u2013 humiliation verbale \u2013 loser \u2013 rat\u00e9 \u2013 soumis \u2013 soumission \u2013 esclave \u2013 femdom \u2013 femdom POV \u2013 Bloody Marie \u2013 domina \u2013 dominatrice \u2013 domination f\u00e9minine \u2013 visage visible \u2013 s\u00e9rie pour devenir pr\u00e9coce<\/p>","protected":false},"excerpt":{"rendered":"<p>Tu pensais que trente secondes c\u2019\u00e9tait d\u00e9j\u00e0 trop court ? D\u00e9trompe-toi, on repart de bien plus bas. Ton cerveau est tellement abruti par mes vid\u00e9os que c&rsquo;est impossible de r\u00e9sister. Aujourd\u2019hui, je passe au niveau sup\u00e9rieur, plus besoin de nudit\u00e9, plus besoin de porno : ma voix et mon m\u00e9pris suffisent \u00e0 te briser. Je t\u2019ai r\u00e9serv\u00e9 un nouveau d\u00e9fi, une nouvelle limite : dix secondes. Dix secondes pour que ton cerveau fonde. Dix secondes pour jouir comme la merde que tu es devenue. Tu es pr\u00eat depuis que tu as cliqu\u00e9 alors viens d\u00e9couvrir ta nouvelle destin\u00e9e de pr\u00e9coce. 10 secondes pour t&rsquo;abrutir : le nouveau d\u00e9fi du pr\u00e9coce. Succomberas-tu plus vite que pr\u00e9vu ?<\/p>","protected":false},"featured_media":3350,"template":"","meta":{"_kadence_starter_templates_imported_post":false,"_kad_post_transparent":"default","_kad_post_title":"","_kad_post_layout":"default","_kad_post_sidebar_id":"","_kad_post_content_style":"default","_kad_post_vertical_padding":"default","_kad_post_feature":"","_kad_post_feature_position":"","_kad_post_header":false,"_kad_post_footer":false,"_kad_post_classname":""},"product_brand":[],"product_cat":[17,64],"product_tag":[],"class_list":{"0":"post-3349","1":"product","2":"type-product","3":"status-publish","4":"has-post-thumbnail","6":"product_cat-videos-bdsm-fetichisme-en-francais","7":"product_cat-humiliation","9":"first","10":"instock","11":"shipping-taxable","12":"product-type-external","13":"entry","14":"content-bg","15":"loop-entry"},"_links":{"self":[{"href":"https:\/\/mistressbloodymarie.com\/en\/wp-json\/wp\/v2\/product\/3349","targetHints":{"allow":["GET"]}}],"collection":[{"href":"https:\/\/mistressbloodymarie.com\/en\/wp-json\/wp\/v2\/product"}],"about":[{"href":"https:\/\/mistressbloodymarie.com\/en\/wp-json\/wp\/v2\/types\/product"}],"wp:featuredmedia":[{"embeddable":true,"href":"https:\/\/mistressbloodymarie.com\/en\/wp-json\/wp\/v2\/media\/3350"}],"wp:attachment":[{"href":"https:\/\/mistressbloodymarie.com\/en\/wp-json\/wp\/v2\/media?parent=3349"}],"wp:term":[{"taxonomy":"product_brand","embeddable":true,"href":"https:\/\/mistressbloodymarie.com\/en\/wp-json\/wp\/v2\/product_brand?post=3349"},{"taxonomy":"product_cat","embeddable":true,"href":"https:\/\/mistressbloodymarie.com\/en\/wp-json\/wp\/v2\/product_cat?post=3349"},{"taxonomy":"product_tag","embeddable":true,"href":"https:\/\/mistressbloodymarie.com\/en\/wp-json\/wp\/v2\/product_tag?post=3349"}],"curies":[{"name":"wp","href":"https:\/\/api.w.org\/{rel}","templated":true}]}}