{"id":3355,"date":"2026-03-03T15:47:12","date_gmt":"2026-03-03T14:47:12","guid":{"rendered":"https:\/\/mistressbloodymarie.com\/?post_type=product&#038;p=3355"},"modified":"2026-03-03T15:52:00","modified_gmt":"2026-03-03T14:52:00","slug":"humilie-par-ton-ex-femdom","status":"publish","type":"product","link":"https:\/\/mistressbloodymarie.com\/en\/product\/humilie-par-ton-ex-femdom\/","title":{"rendered":"Humili\u00e9 par ton ex"},"content":{"rendered":"<p><span style=\"font-size: medium;\">Dis moi, est ce que je t\u2019ai manqu\u00e9 ? Est ce que tu as connu d\u2019autres femmes qui ont marqu\u00e9 ton esprit autant que moi depuis notre s\u00e9paration ? Je sais bien que c\u2019est impossible, je t\u2019ai toujours trait\u00e9 comme une merde et c\u2019est \u00e7a qui t\u2019a rendu fou. Les temps ont chang\u00e9 et d\u00e9sormais je ne veux plus t\u2019utiliser pour mon plaisir non, j\u2019ai envie de te transformer en parfaite petite pute soumis \u00e0 mes pieds. Tu auras encore le droit de me l\u00e9cher et de go\u00fbter \u00e0 mon corps oui mais uniquement au travers de mes amants. Je sais que l\u2019id\u00e9e te terrifie mais entre nous tu sais d\u00e9j\u00e0 que tu es foutu, tu n\u2019as jamais su me dire non et ce n\u2019est pas aujourd\u2019hui que \u00e7a va commencer.\u00a0<\/span><span style=\"font-size: medium;\">Je ne suis pas qu\u2019une ex, je suis celle pour qui tu es pr\u00eat \u00e0 renoncer \u00e0 tout alors ob\u00e9is et laisse moi t\u2019utiliser comme tu le m\u00e9rites.<\/span><\/p>\n<p><span style=\"font-size: medium;\">*Tu es devenu fou devant cette vid\u00e9o\u00a0? Il s\u2019agit d\u2019une commande personnalis\u00e9e, n\u2019h\u00e9site pas \u00e0 craquer pour la tienne.<\/span><\/p>\n<p><span style=\"font-size: medium;\">Vid\u00e9o\u00a0: ex \u2013 ex petite amie \u2013 ex amante \u2013 girlfriend \u2013 GFE \u2013 mean girl \u2013 garce \u2013 sadique \u2013 r\u00f4le play \u2013 Bloody Marie \u2013 femdom \u2013 girl next door \u2013 manipulation \u2013 mantras \u2013 cuck -cuckold \u2013 cocu \u2013 brainwash fantasme \u2013 mindfuck \u2013 CEI encouragement \u2013 CEI initiation \u2013 bouffeur de sperme \u2013 brat \u2013 peste \u2013 soumis \u2013 loser \u2013 beta \u2013 humiliation \u2013 humiliation verbale \u2013 visage \u2013 from alpha to beta \u2013 emprise \u2013 l\u00e9cheur de pieds <\/span><\/p>","protected":false},"excerpt":{"rendered":"<p><span style=\"font-size: medium;\">Dis moi, est ce que je t\u2019ai manqu\u00e9\u00a0? Est ce que tu as connu d\u2019autres femmes qui ont marqu\u00e9 ton esprit autant que moi depuis notre s\u00e9paration\u00a0? Je sais bien que c\u2019est impossible, je t\u2019ai toujours trait\u00e9 comme une merde et c\u2019est \u00e7a qui t\u2019a rendu fou. Les temps ont chang\u00e9 et d\u00e9sormais je ne veux plus t\u2019utiliser pour mon plaisir non, j\u2019ai envie de te transformer en parfaite petite pute soumis \u00e0 mes pieds. Tu auras encore le droit de me l\u00e9cher et de go\u00fbter \u00e0 mon corps oui mais uniquement au travers de mes amants. Je sais que l\u2019id\u00e9e te terrifie mais entre nous tu sais d\u00e9j\u00e0 que tu es foutu, tu n\u2019as jamais su me dire non et ce n\u2019est pas aujourd\u2019hui que \u00e7a va commencer.<\/span><\/p>\n<p><span style=\"font-size: medium;\">Je ne suis pas qu\u2019une ex, je suis celle pour qui tu es pr\u00eat \u00e0 renoncer \u00e0 tout alors ob\u00e9is et laisse moi t\u2019utiliser comme tu le m\u00e9rites.<\/span><\/p>","protected":false},"featured_media":3356,"template":"","meta":{"_kadence_starter_templates_imported_post":false,"_kad_post_transparent":"default","_kad_post_title":"","_kad_post_layout":"default","_kad_post_sidebar_id":"","_kad_post_content_style":"default","_kad_post_vertical_padding":"default","_kad_post_feature":"","_kad_post_feature_position":"","_kad_post_header":false,"_kad_post_footer":false,"_kad_post_classname":""},"product_brand":[],"product_cat":[17,66,65,64,41,36],"product_tag":[],"class_list":{"0":"post-3355","1":"product","2":"type-product","3":"status-publish","4":"has-post-thumbnail","6":"product_cat-videos-bdsm-fetichisme-en-francais","7":"product_cat-cei","8":"product_cat-cuck","9":"product_cat-humiliation","10":"product_cat-brainwash","11":"product_cat-jeux-de-role","13":"first","14":"instock","15":"shipping-taxable","16":"product-type-external","17":"entry","18":"content-bg","19":"loop-entry"},"_links":{"self":[{"href":"https:\/\/mistressbloodymarie.com\/en\/wp-json\/wp\/v2\/product\/3355","targetHints":{"allow":["GET"]}}],"collection":[{"href":"https:\/\/mistressbloodymarie.com\/en\/wp-json\/wp\/v2\/product"}],"about":[{"href":"https:\/\/mistressbloodymarie.com\/en\/wp-json\/wp\/v2\/types\/product"}],"wp:featuredmedia":[{"embeddable":true,"href":"https:\/\/mistressbloodymarie.com\/en\/wp-json\/wp\/v2\/media\/3356"}],"wp:attachment":[{"href":"https:\/\/mistressbloodymarie.com\/en\/wp-json\/wp\/v2\/media?parent=3355"}],"wp:term":[{"taxonomy":"product_brand","embeddable":true,"href":"https:\/\/mistressbloodymarie.com\/en\/wp-json\/wp\/v2\/product_brand?post=3355"},{"taxonomy":"product_cat","embeddable":true,"href":"https:\/\/mistressbloodymarie.com\/en\/wp-json\/wp\/v2\/product_cat?post=3355"},{"taxonomy":"product_tag","embeddable":true,"href":"https:\/\/mistressbloodymarie.com\/en\/wp-json\/wp\/v2\/product_tag?post=3355"}],"curies":[{"name":"wp","href":"https:\/\/api.w.org\/{rel}","templated":true}]}}