{"id":3361,"date":"2026-04-12T16:12:53","date_gmt":"2026-04-12T14:12:53","guid":{"rendered":"https:\/\/mistressbloodymarie.com\/?post_type=product&#038;p=3361"},"modified":"2026-04-12T18:00:48","modified_gmt":"2026-04-12T16:00:48","slug":"face-a-mes-aisselles-challenge","status":"publish","type":"product","link":"https:\/\/mistressbloodymarie.com\/en\/product\/face-a-mes-aisselles-challenge\/","title":{"rendered":"Face \u00e0 mes aisselles &#8211; es tu pr\u00eat \u00e0 payer le prix ?"},"content":{"rendered":"<p>Tu penses que l&rsquo;acc\u00e8s \u00e0 mon corps est un d\u00fb ? D\u00e9trompe-toi. Mes aisselles te rendent faible, tu en es dingue, mais aujourd&rsquo;hui, la vue ne sera pas gratuite. Je t&rsquo;offre l&rsquo;occasion de les admirer de tr\u00e8s pr\u00e8s, d&rsquo;en analyser chaque recoin et d&rsquo;imaginer leur odeur, leur go\u00fbt&#8230; mais chaque seconde de plaisir se paiera par la douleur. Entre gifles et coups dans les couilles, je vais tester tes limites et ta d\u00e9votion. Le d\u00e9fi est simple v\u00e9n\u00e8re mes aisselles, ob\u00e9is \u00e0 chacun de mes \u00ab\u00a0tops\u00a0\u00bb sans h\u00e9siter, en somme souffre pour prouver que tu es un \u00ab\u00a0good boy\u00a0\u00bb \u00e0 ma merci.<br \/>\nAlors, ton obsession pour elles est-elle plus forte que ta peur de souffrir ? Ach\u00e8te la vid\u00e9o et prouve-moi que tu es pr\u00eat \u00e0 tout pour me v\u00e9n\u00e9rer.<\/p>\n<p>* cette vid\u00e9o est une vid\u00e9o personnalis\u00e9e n&rsquo;h\u00e9site pas \u00e0 craquer pour la tienne<\/p>\n<p>Vid\u00e9o: JOI \u2013 instructions \u2013 CBT instructions \u2013 gifles \u2013 coup dans les couilles \u2013 ob\u00e9ir \u2013 ordres \u2013 ob\u00e9ir aux ordres \u2013 aisselles \u2013 f\u00e9tichisme des aisselles \u2013 l\u00e9cher \u2013 odeurs \u2013 sueur \u2013 renifler \u2013 renifleur \u2013 sniffer odeur \u2013 v\u00e9n\u00e9ration \u2013 v\u00e9n\u00e9ration d\u00e9esse \u2013 armpit worship \u2013 sadique \u2013 soumis \u2013 beta \u2013 soumission \u2013 domination \u2013 domina \u2013 Bloody Marie \u2013 femdom \u2013 femdom POV \u2013 gros plan \u2013 poils \u2013 faible \u2013 esclave \u2013 entra\u00eenement esclave &#8211; vid\u00e9o femdom &#8211; vid\u00e9o domination f\u00e9minine<\/p>","protected":false},"excerpt":{"rendered":"<p>Tu penses que l&rsquo;acc\u00e8s \u00e0 mon corps est un d\u00fb ? D\u00e9trompe-toi. Mes aisselles te rendent faible, tu en es dingue, mais aujourd&rsquo;hui, la vue ne sera pas gratuite. Je t&rsquo;offre l&rsquo;occasion de les admirer de tr\u00e8s pr\u00e8s, d&rsquo;en analyser chaque recoin et d&rsquo;imaginer leur odeur, leur go\u00fbt&#8230; mais chaque seconde de plaisir se paiera par la douleur. Entre gifles et coups dans les couilles, je vais tester tes limites et ta d\u00e9votion. Le d\u00e9fi est simple v\u00e9n\u00e8re mes aisselles, ob\u00e9is \u00e0 chacun de mes \u00ab\u00a0tops\u00a0\u00bb sans h\u00e9siter, en somme souffre pour prouver que tu es un \u00ab\u00a0good boy\u00a0\u00bb \u00e0 ma merci.<br \/>\nAlors, ton obsession pour elles est-elle plus forte que ta peur de souffrir ? Ach\u00e8te la vid\u00e9o et prouve-moi que tu es pr\u00eat \u00e0 tout pour me v\u00e9n\u00e9rer.<\/p>\n<p><span style=\"font-size: medium;\">Je ne suis pas qu\u2019une ex, je suis celle pour qui tu es pr\u00eat \u00e0 renoncer \u00e0 tout alors ob\u00e9is et laisse moi t\u2019utiliser comme tu le m\u00e9rites.<\/span><\/p>","protected":false},"featured_media":3362,"template":"","meta":{"_kadence_starter_templates_imported_post":false,"_kad_post_transparent":"default","_kad_post_title":"","_kad_post_layout":"default","_kad_post_sidebar_id":"","_kad_post_content_style":"default","_kad_post_vertical_padding":"default","_kad_post_feature":"","_kad_post_feature_position":"","_kad_post_header":false,"_kad_post_footer":false,"_kad_post_classname":""},"product_brand":[],"product_cat":[17,64,37],"product_tag":[],"class_list":{"0":"post-3361","1":"product","2":"type-product","3":"status-publish","4":"has-post-thumbnail","6":"product_cat-videos-bdsm-fetichisme-en-francais","7":"product_cat-humiliation","8":"product_cat-veneration","10":"first","11":"instock","12":"shipping-taxable","13":"product-type-external","14":"entry","15":"content-bg","16":"loop-entry"},"_links":{"self":[{"href":"https:\/\/mistressbloodymarie.com\/en\/wp-json\/wp\/v2\/product\/3361","targetHints":{"allow":["GET"]}}],"collection":[{"href":"https:\/\/mistressbloodymarie.com\/en\/wp-json\/wp\/v2\/product"}],"about":[{"href":"https:\/\/mistressbloodymarie.com\/en\/wp-json\/wp\/v2\/types\/product"}],"wp:featuredmedia":[{"embeddable":true,"href":"https:\/\/mistressbloodymarie.com\/en\/wp-json\/wp\/v2\/media\/3362"}],"wp:attachment":[{"href":"https:\/\/mistressbloodymarie.com\/en\/wp-json\/wp\/v2\/media?parent=3361"}],"wp:term":[{"taxonomy":"product_brand","embeddable":true,"href":"https:\/\/mistressbloodymarie.com\/en\/wp-json\/wp\/v2\/product_brand?post=3361"},{"taxonomy":"product_cat","embeddable":true,"href":"https:\/\/mistressbloodymarie.com\/en\/wp-json\/wp\/v2\/product_cat?post=3361"},{"taxonomy":"product_tag","embeddable":true,"href":"https:\/\/mistressbloodymarie.com\/en\/wp-json\/wp\/v2\/product_tag?post=3361"}],"curies":[{"name":"wp","href":"https:\/\/api.w.org\/{rel}","templated":true}]}}