{"id":3368,"date":"2026-04-14T17:03:08","date_gmt":"2026-04-14T15:03:08","guid":{"rendered":"https:\/\/mistressbloodymarie.com\/?post_type=product&#038;p=3368"},"modified":"2026-04-14T17:07:50","modified_gmt":"2026-04-14T15:07:50","slug":"0-seconde-defi-precoce-joi","status":"publish","type":"product","link":"https:\/\/mistressbloodymarie.com\/en\/product\/0-seconde-defi-precoce-joi\/","title":{"rendered":"D\u00e9fi pr\u00e9coce 0 seconde\u00a0: un claquement de doigts pour t\u2019humilier"},"content":{"rendered":"<p>30 secondes c\u2019\u00e9tait bien trop, 10 secondes auraient pu suffire pour un loser moyen mais pour les betas dans ton genre il faut pousser l\u2019humiliation encore plus loin. J\u2019ai d\u00e9cid\u00e9 de mettre un K.O \u00e0 ta virilit\u00e9 dans ce d\u00e9fi JOI sp\u00e9cial pr\u00e9coce dans lequel le temps ne sera m\u00eame plus une question. Vas-tu oser repousser tes limites et te soumettre bouche ouverte\u00a0? Viens le d\u00e9couvrir tout de suite.<\/p>\n<p>Vid\u00e9o\u00a0: pr\u00e9coce \u2013 pr\u00e9coce humiliation \u2013 pr\u00e9coce challenge \u2013 JOI \u2013 d\u00e9fi JOI \u2013 JOI humiliant \u2013 sans les mains \u2013 hands free \u2013 orgasme contr\u00f4le \u2013 humiliation \u2013 humiliation verbale \u2013 trilogie pr\u00e9coce \u2013 soumis \u2013 beta \u2013 loser \u2013 \u00e9jaculation pr\u00e9coce \u2013 soumission \u2013 domina \u2013 dominatrice \u2013 Bloody Marie \u2013 sadique \u2013 garce \u2013 peste \u2013 brune -femdom \u2013 femdom POV \u2013 claquement de doigts \u2013 conditionnement pr\u00e9coce \u2013 conditionnement loser<\/p>","protected":false},"excerpt":{"rendered":"<p>30 secondes c\u2019\u00e9tait bien trop, 10 secondes auraient pu suffire pour un loser moyen mais pour les betas dans ton genre il faut pousser l\u2019humiliation encore plus loin. J\u2019ai d\u00e9cid\u00e9 de mettre un K.O \u00e0 ta virilit\u00e9 dans ce d\u00e9fi JOI sp\u00e9cial pr\u00e9coce dans lequel le temps ne sera m\u00eame plus une question. Vas-tu oser repousser tes limites et te soumettre bouche ouverte\u00a0? Viens le d\u00e9couvrir tout de suite.<\/p>","protected":false},"featured_media":3369,"template":"","meta":{"_kadence_starter_templates_imported_post":false,"_kad_post_transparent":"default","_kad_post_title":"","_kad_post_layout":"default","_kad_post_sidebar_id":"","_kad_post_content_style":"default","_kad_post_vertical_padding":"default","_kad_post_feature":"","_kad_post_feature_position":"","_kad_post_header":false,"_kad_post_footer":false,"_kad_post_classname":""},"product_brand":[],"product_cat":[17,64],"product_tag":[],"class_list":{"0":"post-3368","1":"product","2":"type-product","3":"status-publish","4":"has-post-thumbnail","6":"product_cat-videos-bdsm-fetichisme-en-francais","7":"product_cat-humiliation","9":"first","10":"instock","11":"shipping-taxable","12":"product-type-external","13":"entry","14":"content-bg","15":"loop-entry"},"_links":{"self":[{"href":"https:\/\/mistressbloodymarie.com\/en\/wp-json\/wp\/v2\/product\/3368","targetHints":{"allow":["GET"]}}],"collection":[{"href":"https:\/\/mistressbloodymarie.com\/en\/wp-json\/wp\/v2\/product"}],"about":[{"href":"https:\/\/mistressbloodymarie.com\/en\/wp-json\/wp\/v2\/types\/product"}],"wp:featuredmedia":[{"embeddable":true,"href":"https:\/\/mistressbloodymarie.com\/en\/wp-json\/wp\/v2\/media\/3369"}],"wp:attachment":[{"href":"https:\/\/mistressbloodymarie.com\/en\/wp-json\/wp\/v2\/media?parent=3368"}],"wp:term":[{"taxonomy":"product_brand","embeddable":true,"href":"https:\/\/mistressbloodymarie.com\/en\/wp-json\/wp\/v2\/product_brand?post=3368"},{"taxonomy":"product_cat","embeddable":true,"href":"https:\/\/mistressbloodymarie.com\/en\/wp-json\/wp\/v2\/product_cat?post=3368"},{"taxonomy":"product_tag","embeddable":true,"href":"https:\/\/mistressbloodymarie.com\/en\/wp-json\/wp\/v2\/product_tag?post=3368"}],"curies":[{"name":"wp","href":"https:\/\/api.w.org\/{rel}","templated":true}]}}