{"id":3373,"date":"2026-04-18T22:09:28","date_gmt":"2026-04-18T20:09:28","guid":{"rendered":"https:\/\/mistressbloodymarie.com\/?post_type=product&#038;p=3373"},"modified":"2026-04-18T22:21:41","modified_gmt":"2026-04-18T20:21:41","slug":"conditionnement-cei-intensif","status":"publish","type":"product","link":"https:\/\/mistressbloodymarie.com\/en\/product\/conditionnement-cei-intensif\/","title":{"rendered":"Conditionnement CEI intensif\u00a0: avale pour moi pour la premi\u00e8re fois"},"content":{"rendered":"<p>Tu as la volont\u00e9, mais quelque chose te bloque encore au moment d&rsquo;avaler. Aujourd&rsquo;hui, j&rsquo;arr\u00eate de te laisser le choix . Oublie les fioritures inutiles. Je te propose une humiliation pure et directe pour reprogrammer ton esprit. En me fixant droit dans les yeux, ta g\u00eane se transformera en une ob\u00e9issance naturelle : tu vas tout l\u00e9cher d\u2019un coup sans h\u00e9siter ! Ne te demande plus si tu es pr\u00eat : tu l&rsquo;es. Soumets-toi \u00e0 mes ordres et prouve-moi que je peux enfin \u00eatre fi\u00e8re de toi en devenant mon bouffeur de foutre d\u00e8s maintenant.<\/p>\n<p class=\"western\"><span style=\"font-size: medium;\">Vid\u00e9o\u00a0: CEI \u2013 CEI initiation \u2013 premier CEI \u2013 initiation bouffeur de foutre \u2013 manger son sperme \u2013 instructions avaler son sperme \u2013 d\u00e9compte \u2013 cumcountdown \u2013 JOI \u2013 conditionnement mental \u2013 humiliation \u2013 JOI humiliant \u2013 humiliation verbale \u2013 slave training \u2013 entra\u00eenement esclave \u2013 soumission \u2013 beta \u2013 soumis \u2013 femdom \u2013 femdom POV \u2013 domina \u2013 dominatrice \u2013 Bloody Marie \u2013 garce \u2013 peste \u2013 CEI encouragement \u2013 contr\u00f4le d\u2019orgasme<\/span><\/p>","protected":false},"excerpt":{"rendered":"<p>Tu as la volont\u00e9, mais quelque chose te bloque encore au moment d&rsquo;avaler. Aujourd&rsquo;hui, j&rsquo;arr\u00eate de te laisser le choix . Oublie les fioritures inutiles. Je te propose une humiliation pure et directe pour reprogrammer ton esprit. En me fixant droit dans les yeux, ta g\u00eane se transformera en une ob\u00e9issance naturelle : tu vas tout l\u00e9cher d\u2019un coup sans h\u00e9siter ! Ne te demande plus si tu es pr\u00eat : tu l&rsquo;es. Soumets-toi \u00e0 mes ordres et prouve-moi que je peux enfin \u00eatre fi\u00e8re de toi en devenant mon bouffeur de foutre d\u00e8s maintenant.<\/p>","protected":false},"featured_media":3374,"template":"","meta":{"_kadence_starter_templates_imported_post":false,"_kad_post_transparent":"default","_kad_post_title":"","_kad_post_layout":"default","_kad_post_sidebar_id":"","_kad_post_content_style":"default","_kad_post_vertical_padding":"default","_kad_post_feature":"","_kad_post_feature_position":"","_kad_post_header":false,"_kad_post_footer":false,"_kad_post_classname":""},"product_brand":[],"product_cat":[17,66,64],"product_tag":[],"class_list":{"0":"post-3373","1":"product","2":"type-product","3":"status-publish","4":"has-post-thumbnail","6":"product_cat-videos-bdsm-fetichisme-en-francais","7":"product_cat-cei","8":"product_cat-humiliation","10":"first","11":"instock","12":"shipping-taxable","13":"product-type-external","14":"entry","15":"content-bg","16":"loop-entry"},"_links":{"self":[{"href":"https:\/\/mistressbloodymarie.com\/en\/wp-json\/wp\/v2\/product\/3373","targetHints":{"allow":["GET"]}}],"collection":[{"href":"https:\/\/mistressbloodymarie.com\/en\/wp-json\/wp\/v2\/product"}],"about":[{"href":"https:\/\/mistressbloodymarie.com\/en\/wp-json\/wp\/v2\/types\/product"}],"wp:featuredmedia":[{"embeddable":true,"href":"https:\/\/mistressbloodymarie.com\/en\/wp-json\/wp\/v2\/media\/3374"}],"wp:attachment":[{"href":"https:\/\/mistressbloodymarie.com\/en\/wp-json\/wp\/v2\/media?parent=3373"}],"wp:term":[{"taxonomy":"product_brand","embeddable":true,"href":"https:\/\/mistressbloodymarie.com\/en\/wp-json\/wp\/v2\/product_brand?post=3373"},{"taxonomy":"product_cat","embeddable":true,"href":"https:\/\/mistressbloodymarie.com\/en\/wp-json\/wp\/v2\/product_cat?post=3373"},{"taxonomy":"product_tag","embeddable":true,"href":"https:\/\/mistressbloodymarie.com\/en\/wp-json\/wp\/v2\/product_tag?post=3373"}],"curies":[{"name":"wp","href":"https:\/\/api.w.org\/{rel}","templated":true}]}}