{"id":3381,"date":"2026-04-28T16:33:33","date_gmt":"2026-04-28T14:33:33","guid":{"rendered":"https:\/\/mistressbloodymarie.com\/?post_type=product&#038;p=3381"},"modified":"2026-04-28T16:49:54","modified_gmt":"2026-04-28T14:49:54","slug":"sip-and-submit-le-jour-ou-je-cocu","status":"publish","type":"product","link":"https:\/\/mistressbloodymarie.com\/en\/product\/sip-and-submit-le-jour-ou-je-cocu\/","title":{"rendered":"Sip and submit : le jour o\u00f9 je l&rsquo;ai fait cocu"},"content":{"rendered":"<p>Sip and submit\u00a0: tous les mois d\u00e9couvre ce que pensent vraiment les femmes de toi quand tu as le dos tourn\u00e9\u00a0!<br \/>\nPose ton verre, calme ton ego et installe-toi.<\/p>\n<p>Dans ce nouvel \u00e9pisode exclusif, <b>Ta Deesse Fav<\/b> et moi passons aux aveux. On brise le mythe de la fid\u00e9lit\u00e9 pour t&#8217;emmener dans les coulisses de nos trahisons les plus cruelles. Je vais te raconter comment j&rsquo;ai commenc\u00e9 \u00e0 faire cocu un homme par pur vice, avant de r\u00e9aliser qu\u2019il allait adorer \u00e7a. Ta Deesse Fav, elle, balance sur ce mec tellement \u00e9pris qu&rsquo;elle aurait pu le <b>cocufier<\/b> sans aucune limite.<\/p>\n<p>Viens voir comment la loyaut\u00e9 s\u2019efface quand le d\u00e9sir de domination prend le dessus.<\/p>\n<p>Vid\u00e9o\u00a0: cocu \u2013 cocufiage \u2013 cuck \u2013 cuckold \u2013 infid\u00e9lit\u00e9 \u2013 candaulisme \u2013 trahison \u2013 humiliation \u2013 jouet \u2013 larbin \u2013 sadique \u2013 domina \u2013 dominatrice \u2013 double dommes \u2013 duo dominatrices \u2013 Bloody Marie &#8211; femdom \u2013 femdom POV \u2013 gossip \u2013 mean girl \u2013 brat \u2013 bratty \u2013 story time \u2013 histoire femdom \u2013 beta<\/p>","protected":false},"excerpt":{"rendered":"<p>Dans ce nouvel \u00e9pisode exclusif, <b>Ta Deesse Fav<\/b> et moi passons aux aveux. On brise le mythe de la fid\u00e9lit\u00e9 pour t&#8217;emmener dans les coulisses de nos trahisons les plus cruelles. Je vais te raconter comment j&rsquo;ai commenc\u00e9 \u00e0 faire cocu un homme par pur vice, avant de r\u00e9aliser qu\u2019il allait adorer \u00e7a. Ta Deesse Fav, elle, balance sur ce mec tellement \u00e9pris qu&rsquo;elle aurait pu le <b>cocufier<\/b> sans aucune limite.<\/p>","protected":false},"featured_media":3382,"template":"","meta":{"_kadence_starter_templates_imported_post":false,"_kad_post_transparent":"default","_kad_post_title":"","_kad_post_layout":"default","_kad_post_sidebar_id":"","_kad_post_content_style":"default","_kad_post_vertical_padding":"default","_kad_post_feature":"","_kad_post_feature_position":"","_kad_post_header":false,"_kad_post_footer":false,"_kad_post_classname":""},"product_brand":[],"product_cat":[17,65,33,64],"product_tag":[],"class_list":{"0":"post-3381","1":"product","2":"type-product","3":"status-publish","4":"has-post-thumbnail","6":"product_cat-videos-bdsm-fetichisme-en-francais","7":"product_cat-cuck","8":"product_cat-duos","9":"product_cat-humiliation","11":"first","12":"instock","13":"shipping-taxable","14":"product-type-external","15":"entry","16":"content-bg","17":"loop-entry"},"_links":{"self":[{"href":"https:\/\/mistressbloodymarie.com\/en\/wp-json\/wp\/v2\/product\/3381","targetHints":{"allow":["GET"]}}],"collection":[{"href":"https:\/\/mistressbloodymarie.com\/en\/wp-json\/wp\/v2\/product"}],"about":[{"href":"https:\/\/mistressbloodymarie.com\/en\/wp-json\/wp\/v2\/types\/product"}],"wp:featuredmedia":[{"embeddable":true,"href":"https:\/\/mistressbloodymarie.com\/en\/wp-json\/wp\/v2\/media\/3382"}],"wp:attachment":[{"href":"https:\/\/mistressbloodymarie.com\/en\/wp-json\/wp\/v2\/media?parent=3381"}],"wp:term":[{"taxonomy":"product_brand","embeddable":true,"href":"https:\/\/mistressbloodymarie.com\/en\/wp-json\/wp\/v2\/product_brand?post=3381"},{"taxonomy":"product_cat","embeddable":true,"href":"https:\/\/mistressbloodymarie.com\/en\/wp-json\/wp\/v2\/product_cat?post=3381"},{"taxonomy":"product_tag","embeddable":true,"href":"https:\/\/mistressbloodymarie.com\/en\/wp-json\/wp\/v2\/product_tag?post=3381"}],"curies":[{"name":"wp","href":"https:\/\/api.w.org\/{rel}","templated":true}]}}