{"id":3387,"date":"2026-05-03T15:04:16","date_gmt":"2026-05-03T13:04:16","guid":{"rendered":"https:\/\/mistressbloodymarie.com\/?post_type=product&#038;p=3387"},"modified":"2026-05-03T15:16:35","modified_gmt":"2026-05-03T13:16:35","slug":"degoutee-par-ta-petite-bite-sph","status":"publish","type":"product","link":"https:\/\/mistressbloodymarie.com\/en\/product\/degoutee-par-ta-petite-bite-sph\/","title":{"rendered":"D\u00e9go\u00fbt\u00e9e par ta petite bite\u00a0: ton premier date vire au cauchemar &#8211; SPH"},"content":{"rendered":"<p><a name=\"p-rc_44817483bd5bd9a1-140\"><\/a> Tu croyais que ce premier date allait se finir en beaut\u00e9 ? Tu as os\u00e9 venir jusque dans ma chambre, tu t\u2019es d\u00e9shabill\u00e9 avec assurance, alors que tu savais pertinemment ce que tu cachais entre tes jambes. Regarde-toi. C\u2019est pitoyable. Mon cerveau n\u2019arrive m\u00eame pas \u00e0 comprendre comment on peut pr\u00e9tendre \u00eatre un homme avec une bite aussi ridicule. Maintenant que je connais ton secret, les r\u00e8gles changent : tu peux oublier le sexe, je ne couche pas avec les moins-que-rien dans ton genre. Si tu ne veux pas que je ruine ta r\u00e9putation tu vas devoir m\u2019ob\u00e9ir au doigt et \u00e0 l\u2019oeil, au sol comme une merde et subir mes humiliations. Je vais d\u00e9truire tout ce qui faisait de toi un mec.<\/p>\n<p>Vid\u00e9o\u00a0: SPH \u2013 petite bite \u2013 micro p\u00e9nis \u2013 r\u00f4le play \u2013 mean girl &#8211; humiliation \u2013 humiliation verbale \u2013 rejet \u2013 humiliation petite bite \u2013 chantage fantasme \u2013 blackmail fantasme \u2013 d\u00e9go\u00fbt \u2013 small penis humiliation \u2013 SPH roleplay \u2013 moquerie \u2013 jean \u2013 denim \u2013 femdom \u2013 femdom POV \u2013 Bloody Marie \u2013 domina \u2013 dominatrice \u2013 soumis \u2013 soumission \u2013 ma\u00eetresse \u2013 beta \u2013 loser \u2013 ordres \u2013 priv\u00e9 de sexe \u2013 pussy free \u2013 c\u00e9libat humiliation<\/p>","protected":false},"excerpt":{"rendered":"<p>Tu croyais que ce premier date allait se finir en beaut\u00e9 ? Tu as os\u00e9 venir jusque dans ma chambre, tu t\u2019es d\u00e9shabill\u00e9 avec assurance, alors que tu savais pertinemment ce que tu cachais entre tes jambes. Regarde-toi. C\u2019est pitoyable. Mon cerveau n\u2019arrive m\u00eame pas \u00e0 comprendre comment on peut pr\u00e9tendre \u00eatre un homme avec une bite aussi ridicule. Maintenant que je connais ton secret, les r\u00e8gles changent : tu peux oublier le sexe, je ne couche pas avec les moins-que-rien dans ton genre. Si tu ne veux pas que je ruine ta r\u00e9putation tu vas devoir m\u2019ob\u00e9ir au doigt et \u00e0 l\u2019oeil, au sol comme une merde et subir mes humiliations. Je vais d\u00e9truire tout ce qui faisait de toi un mec.<\/p>","protected":false},"featured_media":3388,"template":"","meta":{"_kadence_starter_templates_imported_post":false,"_kad_post_transparent":"default","_kad_post_title":"","_kad_post_layout":"default","_kad_post_sidebar_id":"","_kad_post_content_style":"default","_kad_post_vertical_padding":"default","_kad_post_feature":"","_kad_post_feature_position":"","_kad_post_header":false,"_kad_post_footer":false,"_kad_post_classname":""},"product_brand":[],"product_cat":[17,64,36],"product_tag":[],"class_list":{"0":"post-3387","1":"product","2":"type-product","3":"status-publish","4":"has-post-thumbnail","6":"product_cat-videos-bdsm-fetichisme-en-francais","7":"product_cat-humiliation","8":"product_cat-jeux-de-role","10":"first","11":"instock","12":"shipping-taxable","13":"product-type-external","14":"entry","15":"content-bg","16":"loop-entry"},"_links":{"self":[{"href":"https:\/\/mistressbloodymarie.com\/en\/wp-json\/wp\/v2\/product\/3387","targetHints":{"allow":["GET"]}}],"collection":[{"href":"https:\/\/mistressbloodymarie.com\/en\/wp-json\/wp\/v2\/product"}],"about":[{"href":"https:\/\/mistressbloodymarie.com\/en\/wp-json\/wp\/v2\/types\/product"}],"wp:featuredmedia":[{"embeddable":true,"href":"https:\/\/mistressbloodymarie.com\/en\/wp-json\/wp\/v2\/media\/3388"}],"wp:attachment":[{"href":"https:\/\/mistressbloodymarie.com\/en\/wp-json\/wp\/v2\/media?parent=3387"}],"wp:term":[{"taxonomy":"product_brand","embeddable":true,"href":"https:\/\/mistressbloodymarie.com\/en\/wp-json\/wp\/v2\/product_brand?post=3387"},{"taxonomy":"product_cat","embeddable":true,"href":"https:\/\/mistressbloodymarie.com\/en\/wp-json\/wp\/v2\/product_cat?post=3387"},{"taxonomy":"product_tag","embeddable":true,"href":"https:\/\/mistressbloodymarie.com\/en\/wp-json\/wp\/v2\/product_tag?post=3387"}],"curies":[{"name":"wp","href":"https:\/\/api.w.org\/{rel}","templated":true}]}}