{"id":3394,"date":"2026-05-05T16:59:17","date_gmt":"2026-05-05T14:59:17","guid":{"rendered":"https:\/\/mistressbloodymarie.com\/?post_type=product&#038;p=3394"},"modified":"2026-05-05T17:06:45","modified_gmt":"2026-05-05T15:06:45","slug":"comment-devenir-mon-esclave","status":"publish","type":"product","link":"https:\/\/mistressbloodymarie.com\/en\/product\/comment-devenir-mon-esclave\/","title":{"rendered":"Comment devenir mon esclave\u00a0: le guide ultime"},"content":{"rendered":"<p>Tu r\u00eaves de me servir, tu fantasmes sur l&rsquo;id\u00e9e de ramper \u00e0 mes pieds et tu te demandes depuis toujours \u00ab\u00a0comment \u00eatre le parfait esclave pour ma\u00eetresse BMarie?\u00a0\u00bb . Aujourd&rsquo;hui, je t&rsquo;offre bien plus qu&rsquo;une vid\u00e9o : je te donne les cl\u00e9s pour m\u2019appartenir. Je te pr\u00e9viens, je n\u2019aurai aucune piti\u00e9\u00a0: chastet\u00e9 stricte, contr\u00f4le d\u2019orgasme, transformation en beta, adoration de mes pieds, gifles, crachats \u2026 Pr\u00e9pare-toi \u00e0 subir mes mots crus et mes exigences les plus extr\u00eames.<\/p>\n<p>Vid\u00e9o\u00a0: ma\u00eetresse \u2013 domina \u2013 dominatrice \u2013 femdom \u2013 soumis \u2013 soumission \u2013 beta \u2013 chastet\u00e9 \u2013 keyholder \u2013 cage de chastet\u00e9 \u2013 sissy \u2013 beta \u2013 loser \u2013 f\u00e9tichisme des pieds \u2013 pieds nus \u2013 soles \u2013 plante des pieds \u2013 orteils \u2013 foot worship \u2013 v\u00e9n\u00e9ration des pieds \u2013 footgagging \u2013 gifles \u2013 sadique \u2013 impact \u2013 douleur \u2013 humiliation \u2013 humiliation verbale \u2013 contr\u00f4le d\u2019orgasme \u2013 denial \u2013 salive \u2013 crachat \u2013 spit fetish \u2013 ordres \u2013 ob\u00e9issance \u2013 slave training \u2013 Bloody Marie<\/p>","protected":false},"excerpt":{"rendered":"<p>Tu r\u00eaves de me servir, tu fantasmes sur l&rsquo;id\u00e9e de ramper \u00e0 mes pieds et tu te demandes depuis toujours \u00ab comment \u00eatre le parfait esclave pour ma\u00eetresse Bloody Marie? \u00bb . Aujourd&rsquo;hui, je t&rsquo;offre bien plus qu&rsquo;une vid\u00e9o : je te donne les cl\u00e9s pour m\u2019appartenir. Je te pr\u00e9viens, je n\u2019aurai aucune piti\u00e9 : chastet\u00e9 stricte, contr\u00f4le d\u2019orgasme, transformation en beta, adoration de mes pieds, gifles, crachats \u2026 Pr\u00e9pare-toi \u00e0 subir mes mots crus et mes exigences les plus extr\u00eames.<\/p>","protected":false},"featured_media":3395,"template":"","meta":{"_kadence_starter_templates_imported_post":false,"_kad_post_transparent":"default","_kad_post_title":"","_kad_post_layout":"default","_kad_post_sidebar_id":"","_kad_post_content_style":"default","_kad_post_vertical_padding":"default","_kad_post_feature":"","_kad_post_feature_position":"","_kad_post_header":false,"_kad_post_footer":false,"_kad_post_classname":""},"product_brand":[],"product_cat":[17,35,64,42,37],"product_tag":[],"class_list":{"0":"post-3394","1":"product","2":"type-product","3":"status-publish","4":"has-post-thumbnail","6":"product_cat-videos-bdsm-fetichisme-en-francais","7":"product_cat-chastete","8":"product_cat-humiliation","9":"product_cat-pieds","10":"product_cat-veneration","12":"first","13":"instock","14":"shipping-taxable","15":"product-type-external","16":"entry","17":"content-bg","18":"loop-entry"},"_links":{"self":[{"href":"https:\/\/mistressbloodymarie.com\/en\/wp-json\/wp\/v2\/product\/3394","targetHints":{"allow":["GET"]}}],"collection":[{"href":"https:\/\/mistressbloodymarie.com\/en\/wp-json\/wp\/v2\/product"}],"about":[{"href":"https:\/\/mistressbloodymarie.com\/en\/wp-json\/wp\/v2\/types\/product"}],"wp:featuredmedia":[{"embeddable":true,"href":"https:\/\/mistressbloodymarie.com\/en\/wp-json\/wp\/v2\/media\/3395"}],"wp:attachment":[{"href":"https:\/\/mistressbloodymarie.com\/en\/wp-json\/wp\/v2\/media?parent=3394"}],"wp:term":[{"taxonomy":"product_brand","embeddable":true,"href":"https:\/\/mistressbloodymarie.com\/en\/wp-json\/wp\/v2\/product_brand?post=3394"},{"taxonomy":"product_cat","embeddable":true,"href":"https:\/\/mistressbloodymarie.com\/en\/wp-json\/wp\/v2\/product_cat?post=3394"},{"taxonomy":"product_tag","embeddable":true,"href":"https:\/\/mistressbloodymarie.com\/en\/wp-json\/wp\/v2\/product_tag?post=3394"}],"curies":[{"name":"wp","href":"https:\/\/api.w.org\/{rel}","templated":true}]}}